{"id":83827,"date":"2022-11-23T09:07:25","date_gmt":"2022-11-23T08:07:25","guid":{"rendered":"https:\/\/hantom.ch\/diagnostic-te\/"},"modified":"2025-06-23T09:11:22","modified_gmt":"2025-06-23T07:11:22","slug":"diagnostic-te","status":"publish","type":"page","link":"https:\/\/hantom.ch\/fr\/diagnostic-te\/","title":{"rendered":"Diagnostic DP"},"content":{"rendered":"\t\t<div data-elementor-type=\"wp-page\" data-elementor-id=\"83827\" class=\"elementor elementor-83827 elementor-54569\" data-elementor-settings=\"{&quot;element_pack_global_tooltip_width&quot;:{&quot;unit&quot;:&quot;px&quot;,&quot;size&quot;:&quot;&quot;,&quot;sizes&quot;:[]},&quot;element_pack_global_tooltip_width_tablet&quot;:{&quot;unit&quot;:&quot;px&quot;,&quot;size&quot;:&quot;&quot;,&quot;sizes&quot;:[]},&quot;element_pack_global_tooltip_width_mobile&quot;:{&quot;unit&quot;:&quot;px&quot;,&quot;size&quot;:&quot;&quot;,&quot;sizes&quot;:[]},&quot;element_pack_global_tooltip_padding&quot;:{&quot;unit&quot;:&quot;px&quot;,&quot;top&quot;:&quot;&quot;,&quot;right&quot;:&quot;&quot;,&quot;bottom&quot;:&quot;&quot;,&quot;left&quot;:&quot;&quot;,&quot;isLinked&quot;:true},&quot;element_pack_global_tooltip_padding_tablet&quot;:{&quot;unit&quot;:&quot;px&quot;,&quot;top&quot;:&quot;&quot;,&quot;right&quot;:&quot;&quot;,&quot;bottom&quot;:&quot;&quot;,&quot;left&quot;:&quot;&quot;,&quot;isLinked&quot;:true},&quot;element_pack_global_tooltip_padding_mobile&quot;:{&quot;unit&quot;:&quot;px&quot;,&quot;top&quot;:&quot;&quot;,&quot;right&quot;:&quot;&quot;,&quot;bottom&quot;:&quot;&quot;,&quot;left&quot;:&quot;&quot;,&quot;isLinked&quot;:true},&quot;element_pack_global_tooltip_border_radius&quot;:{&quot;unit&quot;:&quot;px&quot;,&quot;top&quot;:&quot;&quot;,&quot;right&quot;:&quot;&quot;,&quot;bottom&quot;:&quot;&quot;,&quot;left&quot;:&quot;&quot;,&quot;isLinked&quot;:true},&quot;element_pack_global_tooltip_border_radius_tablet&quot;:{&quot;unit&quot;:&quot;px&quot;,&quot;top&quot;:&quot;&quot;,&quot;right&quot;:&quot;&quot;,&quot;bottom&quot;:&quot;&quot;,&quot;left&quot;:&quot;&quot;,&quot;isLinked&quot;:true},&quot;element_pack_global_tooltip_border_radius_mobile&quot;:{&quot;unit&quot;:&quot;px&quot;,&quot;top&quot;:&quot;&quot;,&quot;right&quot;:&quot;&quot;,&quot;bottom&quot;:&quot;&quot;,&quot;left&quot;:&quot;&quot;,&quot;isLinked&quot;:true}}\" data-elementor-post-type=\"page\">\n\t\t\t\t<div class=\"elementor-element elementor-element-217cbe74 e-flex e-con-boxed e-con e-parent\" data-id=\"217cbe74\" data-element_type=\"container\" data-e-type=\"container\" data-settings=\"{&quot;background_background&quot;:&quot;classic&quot;,&quot;jet_parallax_layout_list&quot;:[]}\">\n\t\t\t\t\t<div class=\"e-con-inner\">\n\t\t<div class=\"elementor-element elementor-element-17f92239 e-flex e-con-boxed e-con e-child\" data-id=\"17f92239\" data-element_type=\"container\" data-e-type=\"container\" data-settings=\"{&quot;background_background&quot;:&quot;classic&quot;,&quot;jet_parallax_layout_list&quot;:[]}\">\n\t\t\t\t\t<div class=\"e-con-inner\">\n\t\t\t\t\t<\/div>\n\t\t\t\t<\/div>\n\t\t\t\t\t<\/div>\n\t\t\t\t<\/div>\n\t\t<div class=\"elementor-element elementor-element-7a8d355b e-flex e-con-boxed e-con e-parent\" data-id=\"7a8d355b\" data-element_type=\"container\" data-e-type=\"container\" data-settings=\"{&quot;jet_parallax_layout_list&quot;:[]}\">\n\t\t\t\t\t<div class=\"e-con-inner\">\n\t\t<div class=\"elementor-element elementor-element-b6f8370 e-flex e-con-boxed e-con e-child\" data-id=\"b6f8370\" data-element_type=\"container\" data-e-type=\"container\" data-settings=\"{&quot;jet_parallax_layout_list&quot;:[]}\">\n\t\t\t\t\t<div class=\"e-con-inner\">\n\t\t<div class=\"elementor-element elementor-element-d4ad6dc e-grid e-con-boxed e-con e-child\" data-id=\"d4ad6dc\" data-element_type=\"container\" data-e-type=\"container\" data-settings=\"{&quot;jet_parallax_layout_list&quot;:[]}\">\n\t\t\t\t\t<div class=\"e-con-inner\">\n\t\t<div class=\"elementor-element elementor-element-86e6fab e-grid e-con-boxed e-con e-child\" data-id=\"86e6fab\" data-element_type=\"container\" data-e-type=\"container\" data-settings=\"{&quot;jet_parallax_layout_list&quot;:[]}\">\n\t\t\t\t\t<div class=\"e-con-inner\">\n\t\t\t\t<div class=\"elementor-element elementor-element-5a2e472 elementor-widget elementor-widget-text-editor\" data-id=\"5a2e472\" data-element_type=\"widget\" data-e-type=\"widget\" data-widget_type=\"text-editor.default\">\n\t\t\t\t<div class=\"elementor-widget-container\">\n\t\t\t\t\t\t\t\t\t<p>La mesure des d\u00e9charges partielles (mesure DP) est une m\u00e9thode indispensable pour \u00e9valuer l&rsquo;\u00e9tat des installations \u00e9lectriques. Les d\u00e9charges partielles font partie des param\u00e8tres d\u00e9terminants \u00e9valu\u00e9s lors de la fabrication, de l&rsquo;installation et du fonctionnement normal des produits.<br \/>Jusqu&rsquo;\u00e0 pr\u00e9sent, la mesure des d\u00e9charges partielles est beaucoup moins utilis\u00e9e pour le diagnostic en cours de fonctionnement (en ligne), en raison de certaines limitations des technologies traditionnelles.<\/p><p>Les solutions disponibles pour l&rsquo;\u00e9valuation en ligne de l&rsquo;\u00e9tat des \u00e9quipements dans le domaine de la moyenne et de la haute tension sont g\u00e9n\u00e9ralement complexes, co\u00fbteuses, non \u00e9volutives \u00e0 l&rsquo;\u00e9chelle de l&rsquo;installation et ne sont que tr\u00e8s rarement en mesure d&rsquo;enregistrer tous les param\u00e8tres importants de l&rsquo;installation.<\/p>\t\t\t\t\t\t\t\t<\/div>\n\t\t\t\t<\/div>\n\t\t\t\t\t<\/div>\n\t\t\t\t<\/div>\n\t\t<div class=\"elementor-element elementor-element-5faa5cb e-grid e-con-boxed e-con e-child\" data-id=\"5faa5cb\" data-element_type=\"container\" data-e-type=\"container\" data-settings=\"{&quot;background_background&quot;:&quot;classic&quot;,&quot;jet_parallax_layout_list&quot;:[]}\">\n\t\t\t\t\t<div class=\"e-con-inner\">\n\t\t\t\t<div class=\"elementor-element elementor-element-4428e06 elementor-widget elementor-widget-text-editor\" data-id=\"4428e06\" data-element_type=\"widget\" data-e-type=\"widget\" data-widget_type=\"text-editor.default\">\n\t\t\t\t<div class=\"elementor-widget-container\">\n\t\t\t\t\t\t\t\t\t<h5><strong>Agir plut\u00f4t que r\u00e9agir<\/strong><\/p>\n<\/h5>\n<p>Le monde de la mesure des d\u00e9charges partielles, de la gestion des actifs et de la surveillance de l&rsquo;\u00e9tat des installations \u00e9lectriques est \u00e0 l&rsquo;aube d&rsquo;un tournant.<br \/>\u00c0 l&rsquo;avenir, nous pourrons pr\u00e9venir les pannes et les interruptions de service avec plus de succ\u00e8s. La base de donn\u00e9es des mesures effectu\u00e9es fournit des connaissances pour des strat\u00e9gies de maintenance efficaces et durables.<\/p>\n\t\t\t\t\t\t\t\t<\/div>\n\t\t\t\t<\/div>\n\t\t\t\t<div class=\"elementor-element elementor-element-fe99a6d elementor-widget elementor-widget-video\" data-id=\"fe99a6d\" data-element_type=\"widget\" data-e-type=\"widget\" data-settings=\"{&quot;youtube_url&quot;:&quot;https:\\\/\\\/youtu.be\\\/XnYmqlP9skI?si=O5x4m0F3Fa37nS00&quot;,&quot;video_type&quot;:&quot;youtube&quot;,&quot;controls&quot;:&quot;yes&quot;}\" data-widget_type=\"video.default\">\n\t\t\t\t<div class=\"elementor-widget-container\">\n\t\t\t\t\t\t\t<div class=\"elementor-wrapper elementor-open-inline\">\n\t\t\t<div class=\"elementor-video\"><\/div>\t\t<\/div>\n\t\t\t\t\t\t<\/div>\n\t\t\t\t<\/div>\n\t\t\t\t\t<\/div>\n\t\t\t\t<\/div>\n\t\t\t\t\t<\/div>\n\t\t\t\t<\/div>\n\t\t\t\t\t<\/div>\n\t\t\t\t<\/div>\n\t\t\t\t\t<\/div>\n\t\t\t\t<\/div>\n\t\t<div class=\"elementor-element elementor-element-f7a2dcb e-flex e-con-boxed e-con e-parent\" data-id=\"f7a2dcb\" data-element_type=\"container\" data-e-type=\"container\" data-settings=\"{&quot;jet_parallax_layout_list&quot;:[]}\">\n\t\t\t\t\t<div class=\"e-con-inner\">\n\t\t<div class=\"elementor-element elementor-element-7a3c7eb e-flex e-con-boxed e-con e-child\" data-id=\"7a3c7eb\" data-element_type=\"container\" data-e-type=\"container\" data-settings=\"{&quot;jet_parallax_layout_list&quot;:[]}\">\n\t\t\t\t\t<div class=\"e-con-inner\">\n\t\t<div class=\"elementor-element elementor-element-d6274eb e-grid e-con-boxed e-con e-child\" data-id=\"d6274eb\" data-element_type=\"container\" data-e-type=\"container\" data-settings=\"{&quot;jet_parallax_layout_list&quot;:[]}\">\n\t\t\t\t\t<div class=\"e-con-inner\">\n\t\t\t\t<div class=\"elementor-element elementor-element-bf38ba2 elementor-widget elementor-widget-text-editor\" data-id=\"bf38ba2\" data-element_type=\"widget\" data-e-type=\"widget\" data-widget_type=\"text-editor.default\">\n\t\t\t\t<div class=\"elementor-widget-container\">\n\t\t\t\t\t\t\t\t\t<h5><strong>Notre solution<\/strong><br \/><strong>avec PRY-CAM<\/strong><\/h5>\n<p>La technologie sans fil permet de mesurer les DP sans connexion conductrice avec l&rsquo;objet test\u00e9. Cela signifie qu&rsquo;il n&rsquo;est pas n\u00e9cessaire d&rsquo;arr\u00eater l&rsquo;installation pour effectuer les mesures. Cette technologie r\u00e9volutionnaire permet d\u00e9sormais d&rsquo;effectuer des mesures de DE en ligne et des diagnostics d&rsquo;erreurs pr\u00e9cis et fiables.<\/p>\n<p>Nous vous aidons \u00e0 am\u00e9liorer la fiabilit\u00e9 de l&rsquo;alimentation et la s\u00e9curit\u00e9 du r\u00e9seau, \u00e0 prolonger la dur\u00e9e de vie des \u00e9quipements et \u00e0 r\u00e9duire consid\u00e9rablement les co\u00fbts de maintenance et les risques.<\/p>\n\t\t\t\t\t\t\t\t<\/div>\n\t\t\t\t<\/div>\n\t\t\t\t<div class=\"elementor-element elementor-element-cf9c6d4 elementor-widget elementor-widget-text-editor\" data-id=\"cf9c6d4\" data-element_type=\"widget\" data-e-type=\"widget\" data-widget_type=\"text-editor.default\">\n\t\t\t\t<div class=\"elementor-widget-container\">\n\t\t\t\t\t\t\t\t\t<h5><strong>Domaine d&rsquo;application<\/strong><\/h5>\n<ul>\n<li>toutes les installations \u00e9lectriques de 3 \u00e0 600 kV<\/li>\n<li>R\u00e9seaux \u00e0 tension alternative et continue<\/li>\n<li>Test de c\u00e2ble jusqu&rsquo;\u00e0 environ 500m de longueur de c\u00e2ble<\/li>\n<li>Connexions de c\u00e2bles<\/li>\n<li>Embouts de c\u00e2bles<\/li>\n<li>Transformateurs<\/li>\n<li>Tableaux de distribution<\/li>\n<li>machines \u00e9lectriques<\/li>\n<\/ul>\n\t\t\t\t\t\t\t\t<\/div>\n\t\t\t\t<\/div>\n\t\t\t\t<div class=\"elementor-element elementor-element-cef8117 elementor-widget elementor-widget-text-editor\" data-id=\"cef8117\" data-element_type=\"widget\" data-e-type=\"widget\" data-widget_type=\"text-editor.default\">\n\t\t\t\t<div class=\"elementor-widget-container\">\n\t\t\t\t\t\t\t\t\t<h5><strong>Les avantages<\/strong><br \/><strong>en un coup d&rsquo;\u0153il<\/strong><\/h5>\n<ul>\n<li>D\u00e9tection \u00e0 99,9% des d\u00e9fauts sur les \u00e9quipements \u00e0 moyenne et haute tension<\/li>\n<li>un gain de temps consid\u00e9rable par rapport aux m\u00e9thodes de mesure traditionnelles<\/li>\n<li>Diagnostic \u00e0 chaud<\/li>\n<li>pas de connexion galvanique = s\u00e9curit\u00e9 maximale<\/li>\n<li>Sauvegarde des donn\u00e9es via le cloud<\/li>\n<li>technologie sans fil<\/li>\n<li>jusqu&rsquo;\u00e0 5 fois plus sensible aux petites erreurs<\/li>\n<li>Analyse des donn\u00e9es, y compris Protocole de mesure et de contr\u00f4le<\/li>\n<\/ul>\n\t\t\t\t\t\t\t\t<\/div>\n\t\t\t\t<\/div>\n\t\t\t\t\t<\/div>\n\t\t\t\t<\/div>\n\t\t\t\t\t<\/div>\n\t\t\t\t<\/div>\n\t\t\t\t\t<\/div>\n\t\t\t\t<\/div>\n\t\t<div class=\"elementor-element elementor-element-6facf9a e-flex e-con-boxed e-con e-parent\" data-id=\"6facf9a\" data-element_type=\"container\" data-e-type=\"container\" data-settings=\"{&quot;jet_parallax_layout_list&quot;:[]}\">\n\t\t\t\t\t<div class=\"e-con-inner\">\n\t\t\t\t<div class=\"elementor-element elementor-element-ad012b1 elementor-widget elementor-widget-heading\" data-id=\"ad012b1\" data-element_type=\"widget\" data-e-type=\"widget\" data-widget_type=\"heading.default\">\n\t\t\t\t<div class=\"elementor-widget-container\">\n\t\t\t\t\t<h2 class=\"elementor-heading-title elementor-size-default\">Votre contact pour les questions relatives aux diagnostics DP<\/h2>\t\t\t\t<\/div>\n\t\t\t\t<\/div>\n\t\t<div class=\"elementor-element elementor-element-300cc5e e-flex e-con-boxed e-con e-child\" data-id=\"300cc5e\" data-element_type=\"container\" data-e-type=\"container\" data-settings=\"{&quot;jet_parallax_layout_list&quot;:[]}\">\n\t\t\t\t\t<div class=\"e-con-inner\">\n\t\t<div class=\"elementor-element elementor-element-9129fe1 e-grid e-con-boxed e-con e-child\" data-id=\"9129fe1\" data-element_type=\"container\" data-e-type=\"container\" data-settings=\"{&quot;jet_parallax_layout_list&quot;:[]}\">\n\t\t\t\t\t<div class=\"e-con-inner\">\n\t\t\t\t<div class=\"elementor-element elementor-element-bc29ee3 elementor-widget elementor-widget-bdt-member\" data-id=\"bc29ee3\" data-element_type=\"widget\" data-e-type=\"widget\" data-widget_type=\"bdt-member.bdt-partait\">\n\t\t\t\t<div class=\"elementor-widget-container\">\n\t\t\t\t\t\t\t<div class=\"bdt-member skin-partait\">\n\t\t\t<div class=\"bdt-grid bdt-grid-collapse bdt-child-width-1-2@m\" data-bdt-grid>\n\t\t\t\t\n\t\t\t\t\t<div class=\"bdt-member-photo-wrapper\">\n\n\t\t\t\t\t\t\n\t\t\t\t\t\t\t<div class=\"bdt-member-photo\">\n\t\t\t\t\t\t\t\t<div class=\"\">\n\t\t\t\t\t\t\t\t\t<img decoding=\"async\" src=\"https:\/\/hantom.ch\/wp-content\/uploads\/2024\/07\/Marco-Eymann-1.jpg\" title=\"Marco-Eymann\" alt=\"Marco-Eymann\" loading=\"lazy\" \/>\t\t\t\t\t\t\t\t<\/div>\n\t\t\t\t\t\t\t<\/div>\n\n\t\t\t\t\t\t\t\n\t\t\t\t\t<\/div>\n\n\t\t\t\t\n\t\t\t\t<div class=\"bdt-member-desc bdt-position-relative bdt-flex bdt-flex-middle\">\n\t\t\t\t\t<div class=\"bdt-text-center bdt-member-desc-wrapper\">\n\t\t\t\t\t\t<div class=\"bdt-member-content\">\n\t\t\t\t\t\t\t\t\t\t\t\t\t\t\t<span class=\"bdt-member-name\">\n\t\t\t\t\t\t\t\t\tMarco Eymann\t\t\t\t\t\t\t\t<\/span>\n\t\t\t\t\t\t\t\n\t\t\t\t\t\t\t\t\t\t\t\t\t\t\t<span class=\"bdt-member-role\">\n\t\t\t\t\t\t\t\t\tDirecteur de projets, service\t\t\t\t\t\t\t\t<\/span>\n\t\t\t\t\t\t\t\n\t\t\t\t\t\t\t\t\t\t\t\t\t\t\t<div class=\"bdt-member-text bdt-content-wrap\">\n\t\t\t\t\t\t\t\t\t<a href=\"tel:+41716601218\">T\u00e9l. direct : +41 71 660 12 18<\/a>\n<a href=\"mailto:Marco.eymann@hantom.ch\">marco.eymann@hantom.ch<\/a>\t\t\t\t\t\t\t\t<\/div>\n\t\t\t\t\t\t\t\t\t\t\t\t\t<\/div>\n\n\t\t\t\t\t\t\t\t<div class=\"bdt-member-icons \">\n\t\t\t\t\t\t\t<a class=\"bdt-member-icon elementor-repeater-item-ef16c56\" href=\"\" target=\"_blank\" data-bdt-tooltip=\"title: ;\">\n\t\t\t\t\t\t\t\t\t<\/a>\n\t\t\t\t\t\t<\/div>\n\t\t\n\t\t\t\t\t<\/div>\n\t\t\t\t<\/div>\n\t\t\t<\/div>\n\t\t<\/div>\n\t\t\t\t\t\t<\/div>\n\t\t\t\t<\/div>\n\t\t\t\t<div class=\"elementor-element elementor-element-898f2bf elementor-widget elementor-widget-bdt-member\" data-id=\"898f2bf\" data-element_type=\"widget\" data-e-type=\"widget\" data-widget_type=\"bdt-member.bdt-partait\">\n\t\t\t\t<div class=\"elementor-widget-container\">\n\t\t\t\t\t\t\t<div class=\"bdt-member skin-partait\">\n\t\t\t<div class=\"bdt-grid bdt-grid-collapse bdt-child-width-1-2@m\" data-bdt-grid>\n\t\t\t\t\n\t\t\t\t\t<div class=\"bdt-member-photo-wrapper\">\n\n\t\t\t\t\t\t\n\t\t\t\t\t\t\t<div class=\"bdt-member-photo\">\n\t\t\t\t\t\t\t\t<div class=\"\">\n\t\t\t\t\t\t\t\t\t<img decoding=\"async\" src=\"https:\/\/hantom.ch\/wp-content\/uploads\/2025\/03\/ep-hantom4.jpg\" title=\"ep hantom4\" alt=\"ep hantom4\" loading=\"lazy\" \/>\t\t\t\t\t\t\t\t<\/div>\n\t\t\t\t\t\t\t<\/div>\n\n\t\t\t\t\t\t\t\n\t\t\t\t\t<\/div>\n\n\t\t\t\t\n\t\t\t\t<div class=\"bdt-member-desc bdt-position-relative bdt-flex bdt-flex-middle\">\n\t\t\t\t\t<div class=\"bdt-text-center bdt-member-desc-wrapper\">\n\t\t\t\t\t\t<div class=\"bdt-member-content\">\n\t\t\t\t\t\t\t\t\t\t\t\t\t\t\t<span class=\"bdt-member-name\">\n\t\t\t\t\t\t\t\t\tMarcel M\u00fcller\t\t\t\t\t\t\t\t<\/span>\n\t\t\t\t\t\t\t\n\t\t\t\t\t\t\t\t\t\t\t\t\t\t\t<span class=\"bdt-member-role\">\n\t\t\t\t\t\t\t\t\tChef de projet service \/ Technico-commercial Industrie &amp; bureau d'ing\u00e9nieurs\t\t\t\t\t\t\t\t<\/span>\n\t\t\t\t\t\t\t\n\t\t\t\t\t\t\t\t\t\t\t\t\t\t\t<div class=\"bdt-member-text bdt-content-wrap\">\n\t\t\t\t\t\t\t\t\t<a href=\"tel:+41716601223\">T\u00e9l. direct : +41 71 660 12 23<\/a>\n<a href=\"mailto:marcel.mueller@hantom.ch\">marcel.mueller@hantom.ch<\/a>\t\t\t\t\t\t\t\t<\/div>\n\t\t\t\t\t\t\t\t\t\t\t\t\t<\/div>\n\n\t\t\t\t\t\t\t\t<div class=\"bdt-member-icons \">\n\t\t\t\t\t\t\t<a class=\"bdt-member-icon elementor-repeater-item-ef16c56\" href=\"\" target=\"_blank\" data-bdt-tooltip=\"title: ;\">\n\t\t\t\t\t\t\t\t\t<\/a>\n\t\t\t\t\t\t<\/div>\n\t\t\n\t\t\t\t\t<\/div>\n\t\t\t\t<\/div>\n\t\t\t<\/div>\n\t\t<\/div>\n\t\t\t\t\t\t<\/div>\n\t\t\t\t<\/div>\n\t\t\t\t\t<\/div>\n\t\t\t\t<\/div>\n\t\t\t\t\t<\/div>\n\t\t\t\t<\/div>\n\t\t\t\t\t<\/div>\n\t\t\t\t<\/div>\n\t\t\t\t<\/div>\n\t\t","protected":false},"excerpt":{"rendered":"<p>La mesure des d\u00e9charges partielles (mesure DP) est une m\u00e9thode indispensable pour \u00e9valuer l&rsquo;\u00e9tat des installations \u00e9lectriques. Les d\u00e9charges partielles font partie des param\u00e8tres d\u00e9terminants \u00e9valu\u00e9s lors de la fabrication, de l&rsquo;installation et du fonctionnement normal des produits.Jusqu&rsquo;\u00e0 pr\u00e9sent, la mesure des d\u00e9charges partielles est beaucoup moins utilis\u00e9e pour le diagnostic en cours de fonctionnement [&hellip;]<\/p>\n","protected":false},"author":14,"featured_media":0,"parent":0,"menu_order":0,"comment_status":"closed","ping_status":"closed","template":"","meta":{"footnotes":""},"class_list":["post-83827","page","type-page","status-publish","hentry"],"_links":{"self":[{"href":"https:\/\/hantom.ch\/fr\/wp-json\/wp\/v2\/pages\/83827","targetHints":{"allow":["GET"]}}],"collection":[{"href":"https:\/\/hantom.ch\/fr\/wp-json\/wp\/v2\/pages"}],"about":[{"href":"https:\/\/hantom.ch\/fr\/wp-json\/wp\/v2\/types\/page"}],"author":[{"embeddable":true,"href":"https:\/\/hantom.ch\/fr\/wp-json\/wp\/v2\/users\/14"}],"replies":[{"embeddable":true,"href":"https:\/\/hantom.ch\/fr\/wp-json\/wp\/v2\/comments?post=83827"}],"version-history":[{"count":5,"href":"https:\/\/hantom.ch\/fr\/wp-json\/wp\/v2\/pages\/83827\/revisions"}],"predecessor-version":[{"id":105056,"href":"https:\/\/hantom.ch\/fr\/wp-json\/wp\/v2\/pages\/83827\/revisions\/105056"}],"wp:attachment":[{"href":"https:\/\/hantom.ch\/fr\/wp-json\/wp\/v2\/media?parent=83827"}],"curies":[{"name":"wp","href":"https:\/\/api.w.org\/{rel}","templated":true}]}}