{"id":101892,"date":"2026-04-30T03:02:44","date_gmt":"2026-04-30T01:02:44","guid":{"rendered":"https:\/\/hantom.ch\/product\/e0404139-bt-extremite-1kv-2-conducteurs-exterieure-avec-connect-a-vis-evf29-df-150-300-m12-1\/"},"modified":"2026-04-01T10:36:15","modified_gmt":"2026-04-01T08:36:15","slug":"e0404139-bt-extremite-1kv-2-conducteurs-exterieure-avec-connect-a-vis-evf29-df-150-300-m12-1","status":"publish","type":"product","link":"https:\/\/hantom.ch\/fr\/produit\/e0404139-bt-extremite-1kv-2-conducteurs-exterieure-avec-connect-a-vis-evf29-df-150-300-m12-1\/","title":{"rendered":"E0404139 &#8211; BT Extr\u00e9mit\u00e9 1kV 2 conducteurs ext\u00e9rieure, avec connect. \u00e0 vis EVF29\/DF 150-300 \/ M12 (1)"},"content":{"rendered":"<p>Extr\u00e9mit\u00e9 thermor\u00e9tractable BT ext\u00e9rieur 1kV<br \/>avec cosses \u00e0 visser M12 \u00e9tanches<br \/>longitudinalement avec vis \u00e0 t\u00eate fusible<br \/>pour c\u00e2ble<br \/>GKN 1 x 150&#8230;300\/35&#8230;100 mm2<br \/>Conducteurs Cu ou Al re, rm, se, sm<br \/>Set \u00e0 1 pce<\/p>\n","protected":false},"excerpt":{"rendered":"<p>Extr\u00e9mit\u00e9 thermor\u00e9tractable BT ext\u00e9rieur 1kVavec cosses \u00e0 visser M12 \u00e9tancheslongitudinalement avec vis \u00e0 t\u00eate fusiblepour c\u00e2bleGKN 1 x 150&#8230;300\/35&#8230;100 mm2Conducteurs Cu ou Al re, rm, se, smSet \u00e0 1 pce<\/p>\n","protected":false},"featured_media":0,"template":"","meta":[],"product_brand":[],"product_cat":[1125,1111,1065,1128,1130],"product_tag":[],"class_list":{"0":"post-101892","1":"product","2":"type-product","3":"status-publish","5":"product_cat-e0403-fr","6":"product_cat-e04-fr","7":"product_cat-e-fr","8":"product_cat-e0404-fr","9":"product_cat-e04041-fr","11":"first","12":"instock","13":"taxable","14":"shipping-taxable","15":"purchasable","16":"product-type-simple"},"_links":{"self":[{"href":"https:\/\/hantom.ch\/fr\/wp-json\/wp\/v2\/product\/101892","targetHints":{"allow":["GET"]}}],"collection":[{"href":"https:\/\/hantom.ch\/fr\/wp-json\/wp\/v2\/product"}],"about":[{"href":"https:\/\/hantom.ch\/fr\/wp-json\/wp\/v2\/types\/product"}],"wp:attachment":[{"href":"https:\/\/hantom.ch\/fr\/wp-json\/wp\/v2\/media?parent=101892"}],"wp:term":[{"taxonomy":"product_brand","embeddable":true,"href":"https:\/\/hantom.ch\/fr\/wp-json\/wp\/v2\/product_brand?post=101892"},{"taxonomy":"product_cat","embeddable":true,"href":"https:\/\/hantom.ch\/fr\/wp-json\/wp\/v2\/product_cat?post=101892"},{"taxonomy":"product_tag","embeddable":true,"href":"https:\/\/hantom.ch\/fr\/wp-json\/wp\/v2\/product_tag?post=101892"}],"curies":[{"name":"wp","href":"https:\/\/api.w.org\/{rel}","templated":true}]}}