{"id":101898,"date":"2026-04-15T03:02:11","date_gmt":"2026-04-15T01:02:11","guid":{"rendered":"https:\/\/hantom.ch\/product\/e0404158-bt-extremite-1kv-5-conducteurs-exterieure-avec-connect-a-vis-evf58-ds-150-240-1\/"},"modified":"2026-04-01T10:36:22","modified_gmt":"2026-04-01T08:36:22","slug":"e0404158-bt-extremite-1kv-5-conducteurs-exterieure-avec-connect-a-vis-evf58-ds-150-240-1","status":"publish","type":"product","link":"https:\/\/hantom.ch\/fr\/produit\/e0404158-bt-extremite-1kv-5-conducteurs-exterieure-avec-connect-a-vis-evf58-ds-150-240-1\/","title":{"rendered":"E0404158 &#8211; BT Extr\u00e9mit\u00e9 1kV 5 conducteurs ext\u00e9rieure, avec connect. \u00e0 vis EVF58\/DS 150-240 (1)"},"content":{"rendered":"<p>Extr\u00e9mit\u00e9 thermor\u00e9tractable BT ext\u00e9rieur 1kV<br \/>avec connecteur \u00e0 vis \u00e9tanche<br \/>longitudinalement avec vis \u00e0 t\u00eate fusible<br \/>GKN 4 x 150&#8230;240\/150&#8230;240 mm2<br \/>Conducteurs Cu ou Al re, rm, se, sm<br \/>Set \u00e0 1 pce<\/p>\n","protected":false},"excerpt":{"rendered":"<p>Extr\u00e9mit\u00e9 thermor\u00e9tractable BT ext\u00e9rieur 1kVavec connecteur \u00e0 vis \u00e9tanchelongitudinalement avec vis \u00e0 t\u00eate fusibleGKN 4 x 150&#8230;240\/150&#8230;240 mm2Conducteurs Cu ou Al re, rm, se, smSet \u00e0 1 pce<\/p>\n","protected":false},"featured_media":0,"template":"","meta":[],"product_brand":[],"product_cat":[1125,1111,1065,1128,1130],"product_tag":[],"class_list":{"0":"post-101898","1":"product","2":"type-product","3":"status-publish","5":"product_cat-e0403-fr","6":"product_cat-e04-fr","7":"product_cat-e-fr","8":"product_cat-e0404-fr","9":"product_cat-e04041-fr","11":"first","12":"instock","13":"taxable","14":"shipping-taxable","15":"purchasable","16":"product-type-simple"},"_links":{"self":[{"href":"https:\/\/hantom.ch\/fr\/wp-json\/wp\/v2\/product\/101898","targetHints":{"allow":["GET"]}}],"collection":[{"href":"https:\/\/hantom.ch\/fr\/wp-json\/wp\/v2\/product"}],"about":[{"href":"https:\/\/hantom.ch\/fr\/wp-json\/wp\/v2\/types\/product"}],"wp:attachment":[{"href":"https:\/\/hantom.ch\/fr\/wp-json\/wp\/v2\/media?parent=101898"}],"wp:term":[{"taxonomy":"product_brand","embeddable":true,"href":"https:\/\/hantom.ch\/fr\/wp-json\/wp\/v2\/product_brand?post=101898"},{"taxonomy":"product_cat","embeddable":true,"href":"https:\/\/hantom.ch\/fr\/wp-json\/wp\/v2\/product_cat?post=101898"},{"taxonomy":"product_tag","embeddable":true,"href":"https:\/\/hantom.ch\/fr\/wp-json\/wp\/v2\/product_tag?post=101898"}],"curies":[{"name":"wp","href":"https:\/\/api.w.org\/{rel}","templated":true}]}}