{"id":101904,"date":"2026-04-15T03:02:22","date_gmt":"2026-04-15T01:02:22","guid":{"rendered":"https:\/\/hantom.ch\/product\/e0404195-bt-extremite-1kv-5-conduct-raccord-direct-ev55-d-025-050-1\/"},"modified":"2026-04-01T10:36:25","modified_gmt":"2026-04-01T08:36:25","slug":"e0404195-bt-extremite-1kv-5-conduct-raccord-direct-ev55-d-025-050-1","status":"publish","type":"product","link":"https:\/\/hantom.ch\/fr\/produit\/e0404195-bt-extremite-1kv-5-conduct-raccord-direct-ev55-d-025-050-1\/","title":{"rendered":"E0404195 &#8211; BT Extr\u00e9mit\u00e9 1kV 5 conduct., raccord. direct EV55\/D 025-050 (1)"},"content":{"rendered":"<p>BT Extr\u00e9mit\u00e9 thermor\u00e9tractable int\u00e9rieure 1 kV<br \/>pour raccordement direct (sans cosse pour L1, L2, L3, N)<br \/>pour c\u00e2ble GKN 4 x 25&#8230;50\/25&#8230;50 mm2<br \/>avec cosse \u00e0 visser M12 pour conducteur PEN<br \/>avec conducteur Cu ou AL re, rm<br \/>Set \u00e0 1 pi\u00e8ce<\/p>\n","protected":false},"excerpt":{"rendered":"<p>BT Extr\u00e9mit\u00e9 thermor\u00e9tractable int\u00e9rieure 1 kVpour raccordement direct (sans cosse pour L1, L2, L3, N)pour c\u00e2ble GKN 4 x 25&#8230;50\/25&#8230;50 mm2avec cosse \u00e0 visser M12 pour conducteur PENavec conducteur Cu ou AL re, rmSet \u00e0 1 pi\u00e8ce<\/p>\n","protected":false},"featured_media":0,"template":"","meta":[],"product_brand":[],"product_cat":[1125,1111,1065,1128,1129],"product_tag":[],"class_list":{"0":"post-101904","1":"product","2":"type-product","3":"status-publish","5":"product_cat-e0403-fr","6":"product_cat-e04-fr","7":"product_cat-e-fr","8":"product_cat-e0404-fr","9":"product_cat-e04040-fr","11":"first","12":"instock","13":"taxable","14":"shipping-taxable","15":"purchasable","16":"product-type-simple"},"_links":{"self":[{"href":"https:\/\/hantom.ch\/fr\/wp-json\/wp\/v2\/product\/101904","targetHints":{"allow":["GET"]}}],"collection":[{"href":"https:\/\/hantom.ch\/fr\/wp-json\/wp\/v2\/product"}],"about":[{"href":"https:\/\/hantom.ch\/fr\/wp-json\/wp\/v2\/types\/product"}],"wp:attachment":[{"href":"https:\/\/hantom.ch\/fr\/wp-json\/wp\/v2\/media?parent=101904"}],"wp:term":[{"taxonomy":"product_brand","embeddable":true,"href":"https:\/\/hantom.ch\/fr\/wp-json\/wp\/v2\/product_brand?post=101904"},{"taxonomy":"product_cat","embeddable":true,"href":"https:\/\/hantom.ch\/fr\/wp-json\/wp\/v2\/product_cat?post=101904"},{"taxonomy":"product_tag","embeddable":true,"href":"https:\/\/hantom.ch\/fr\/wp-json\/wp\/v2\/product_tag?post=101904"}],"curies":[{"name":"wp","href":"https:\/\/api.w.org\/{rel}","templated":true}]}}