{"id":101920,"date":"2026-04-15T03:02:58","date_gmt":"2026-04-15T01:02:58","guid":{"rendered":"https:\/\/hantom.ch\/product\/e0405104-manchon-dextremite-thermoretr-1kv-resist-a-la-tension-4-5-conduct-em44-010-025-1\/"},"modified":"2026-04-01T10:36:40","modified_gmt":"2026-04-01T08:36:40","slug":"e0405104-manchon-dextremite-thermoretr-1kv-resist-a-la-tension-4-5-conduct-em44-010-025-1","status":"publish","type":"product","link":"https:\/\/hantom.ch\/fr\/produit\/e0405104-manchon-dextremite-thermoretr-1kv-resist-a-la-tension-4-5-conduct-em44-010-025-1\/","title":{"rendered":"E0405104 &#8211; Manchon d&apos;extr\u00e9mit\u00e9 thermor\u00e9tr. 1kV, r\u00e9sist. \u00e0 la tension, 4\/5 conduct. EM44\/ 010-025 (1)"},"content":{"rendered":"<p>Manchon d&apos;extr\u00e9mit\u00e9 thermor\u00e9tractable 1 kV r\u00e9sistant \u00e0 la tension, <br \/>isolation du conducteur avec manchons thermor\u00e9tractables pour c\u00e2bles :<br \/>GKN 3+4&#215;10-25\/10-25 &#8211; GN-CLN 4+5&#215;10-25 &#8211;<br \/>FE0D 4+5&#215;10-25 \/ PPb 4&#215;10-25<br \/>Set \u00e0 1 pce<\/p>\n","protected":false},"excerpt":{"rendered":"<p>Manchon d&apos;extr\u00e9mit\u00e9 thermor\u00e9tractable 1 kV r\u00e9sistant \u00e0 la tension, isolation du conducteur avec manchons thermor\u00e9tractables pour c\u00e2bles :GKN 3+4&#215;10-25\/10-25 &#8211; GN-CLN 4+5&#215;10-25 &#8211;FE0D 4+5&#215;10-25 \/ PPb 4&#215;10-25Set \u00e0 1 pce<\/p>\n","protected":false},"featured_media":55598,"template":"","meta":[],"product_brand":[],"product_cat":[1111,1161,1135,1065],"product_tag":[],"class_list":{"0":"post-101920","1":"product","2":"type-product","3":"status-publish","4":"has-post-thumbnail","6":"product_cat-e04-fr","7":"product_cat-e0405-fr","8":"product_cat-e04051-fr","9":"product_cat-e-fr","11":"first","12":"instock","13":"taxable","14":"shipping-taxable","15":"purchasable","16":"product-type-simple"},"_links":{"self":[{"href":"https:\/\/hantom.ch\/fr\/wp-json\/wp\/v2\/product\/101920","targetHints":{"allow":["GET"]}}],"collection":[{"href":"https:\/\/hantom.ch\/fr\/wp-json\/wp\/v2\/product"}],"about":[{"href":"https:\/\/hantom.ch\/fr\/wp-json\/wp\/v2\/types\/product"}],"wp:featuredmedia":[{"embeddable":true,"href":"https:\/\/hantom.ch\/fr\/wp-json\/wp\/v2\/media\/55598"}],"wp:attachment":[{"href":"https:\/\/hantom.ch\/fr\/wp-json\/wp\/v2\/media?parent=101920"}],"wp:term":[{"taxonomy":"product_brand","embeddable":true,"href":"https:\/\/hantom.ch\/fr\/wp-json\/wp\/v2\/product_brand?post=101920"},{"taxonomy":"product_cat","embeddable":true,"href":"https:\/\/hantom.ch\/fr\/wp-json\/wp\/v2\/product_cat?post=101920"},{"taxonomy":"product_tag","embeddable":true,"href":"https:\/\/hantom.ch\/fr\/wp-json\/wp\/v2\/product_tag?post=101920"}],"curies":[{"name":"wp","href":"https:\/\/api.w.org\/{rel}","templated":true}]}}