{"id":101934,"date":"2026-04-15T03:15:33","date_gmt":"2026-04-15T01:15:33","guid":{"rendered":"https:\/\/hantom.ch\/product\/e0406202-embout-thermoretractable-3-conducteurs-hlb-340-110-50-1\/"},"modified":"2026-04-01T10:36:52","modified_gmt":"2026-04-01T08:36:52","slug":"e0406202-embout-thermoretractable-3-conducteurs-hlb-340-110-50-1","status":"publish","type":"product","link":"https:\/\/hantom.ch\/fr\/produit\/e0406202-embout-thermoretractable-3-conducteurs-hlb-340-110-50-1\/","title":{"rendered":"E0406202 &#8211; Embout thermor\u00e9tractable 3 conducteurs HLB 340, 110\/50 (1)"},"content":{"rendered":"<p>Embout thermor\u00e9tractable noir avec adh\u00e9sif, pour 3 conducteurs<br \/>Taux de r\u00e9traction: 110\/50 mm, 46\/17,5 mm<br \/>\u00c9paisseur de paroi: 4 mm<br \/>Longueur apr\u00e8s r\u00e9traction: 250 mm<br \/>pour XKDT 3x1x150 &#8211; 3x1x300<\/p>\n","protected":false},"excerpt":{"rendered":"<p>Embout thermor\u00e9tractable noir avec adh\u00e9sif, pour 3 conducteursTaux de r\u00e9traction: 110\/50 mm, 46\/17,5 mm\u00c9paisseur de paroi: 4 mmLongueur apr\u00e8s r\u00e9traction: 250 mmpour XKDT 3x1x150 &#8211; 3x1x300<\/p>\n","protected":false},"featured_media":32557,"template":"","meta":[],"product_brand":[],"product_cat":[1111,1137,1139,1065],"product_tag":[],"class_list":{"0":"post-101934","1":"product","2":"type-product","3":"status-publish","4":"has-post-thumbnail","6":"product_cat-e04-fr","7":"product_cat-e0406-fr","8":"product_cat-e04062-fr","9":"product_cat-e-fr","11":"first","12":"instock","13":"taxable","14":"shipping-taxable","15":"purchasable","16":"product-type-simple"},"_links":{"self":[{"href":"https:\/\/hantom.ch\/fr\/wp-json\/wp\/v2\/product\/101934","targetHints":{"allow":["GET"]}}],"collection":[{"href":"https:\/\/hantom.ch\/fr\/wp-json\/wp\/v2\/product"}],"about":[{"href":"https:\/\/hantom.ch\/fr\/wp-json\/wp\/v2\/types\/product"}],"wp:featuredmedia":[{"embeddable":true,"href":"https:\/\/hantom.ch\/fr\/wp-json\/wp\/v2\/media\/32557"}],"wp:attachment":[{"href":"https:\/\/hantom.ch\/fr\/wp-json\/wp\/v2\/media?parent=101934"}],"wp:term":[{"taxonomy":"product_brand","embeddable":true,"href":"https:\/\/hantom.ch\/fr\/wp-json\/wp\/v2\/product_brand?post=101934"},{"taxonomy":"product_cat","embeddable":true,"href":"https:\/\/hantom.ch\/fr\/wp-json\/wp\/v2\/product_cat?post=101934"},{"taxonomy":"product_tag","embeddable":true,"href":"https:\/\/hantom.ch\/fr\/wp-json\/wp\/v2\/product_tag?post=101934"}],"curies":[{"name":"wp","href":"https:\/\/api.w.org\/{rel}","templated":true}]}}