{"id":101951,"date":"2026-04-15T03:15:56","date_gmt":"2026-04-15T01:15:56","guid":{"rendered":"https:\/\/hantom.ch\/product\/e0406411-embout-thermoretractable-5-conducteurs-hlb-520-55-24-1\/"},"modified":"2026-04-01T10:37:08","modified_gmt":"2026-04-01T08:37:08","slug":"e0406411-embout-thermoretractable-5-conducteurs-hlb-520-55-24-1","status":"publish","type":"product","link":"https:\/\/hantom.ch\/fr\/produit\/e0406411-embout-thermoretractable-5-conducteurs-hlb-520-55-24-1\/","title":{"rendered":"E0406411 &#8211; Embout thermor\u00e9tractable 5 conducteurs HLB 520, 55\/24 (1)"},"content":{"rendered":"<p>Embout thermor\u00e9tractable noir avec adh\u00e9sif, pour 5 conducteurs<br \/>Taux de r\u00e9traction : 55\/24 mm, 18\/5 mm<br \/>\u00c9paisseur de paroi : 3,0 mm<br \/>Longueur apr\u00e8s r\u00e9traction : 150 mm<br \/>pour GKN 4&#215;50\/50 &#8211; 4&#215;95\/95<\/p>\n","protected":false},"excerpt":{"rendered":"<p>Embout thermor\u00e9tractable noir avec adh\u00e9sif, pour 5 conducteursTaux de r\u00e9traction : 55\/24 mm, 18\/5 mm\u00c9paisseur de paroi : 3,0 mmLongueur apr\u00e8s r\u00e9traction : 150 mmpour GKN 4&#215;50\/50 &#8211; 4&#215;95\/95<\/p>\n","protected":false},"featured_media":58466,"template":"","meta":[],"product_brand":[],"product_cat":[1111,1137,1141,1065],"product_tag":[],"class_list":{"0":"post-101951","1":"product","2":"type-product","3":"status-publish","4":"has-post-thumbnail","6":"product_cat-e04-fr","7":"product_cat-e0406-fr","8":"product_cat-e04064-fr","9":"product_cat-e-fr","11":"first","12":"instock","13":"taxable","14":"shipping-taxable","15":"purchasable","16":"product-type-simple"},"_links":{"self":[{"href":"https:\/\/hantom.ch\/fr\/wp-json\/wp\/v2\/product\/101951","targetHints":{"allow":["GET"]}}],"collection":[{"href":"https:\/\/hantom.ch\/fr\/wp-json\/wp\/v2\/product"}],"about":[{"href":"https:\/\/hantom.ch\/fr\/wp-json\/wp\/v2\/types\/product"}],"wp:featuredmedia":[{"embeddable":true,"href":"https:\/\/hantom.ch\/fr\/wp-json\/wp\/v2\/media\/58466"}],"wp:attachment":[{"href":"https:\/\/hantom.ch\/fr\/wp-json\/wp\/v2\/media?parent=101951"}],"wp:term":[{"taxonomy":"product_brand","embeddable":true,"href":"https:\/\/hantom.ch\/fr\/wp-json\/wp\/v2\/product_brand?post=101951"},{"taxonomy":"product_cat","embeddable":true,"href":"https:\/\/hantom.ch\/fr\/wp-json\/wp\/v2\/product_cat?post=101951"},{"taxonomy":"product_tag","embeddable":true,"href":"https:\/\/hantom.ch\/fr\/wp-json\/wp\/v2\/product_tag?post=101951"}],"curies":[{"name":"wp","href":"https:\/\/api.w.org\/{rel}","templated":true}]}}