{"id":101959,"date":"2026-04-26T03:15:52","date_gmt":"2026-04-26T01:15:52","guid":{"rendered":"https:\/\/hantom.ch\/product\/e0407691-jonction-de-derivation-parallele-en-plastique-akms-670f-vide-pour-masse-de-remplissage-a-chaud-150-300-1kv-1\/"},"modified":"2026-04-01T10:37:16","modified_gmt":"2026-04-01T08:37:16","slug":"e0407691-jonction-de-derivation-parallele-en-plastique-akms-670f-vide-pour-masse-de-remplissage-a-chaud-150-300-1kv-1","status":"publish","type":"product","link":"https:\/\/hantom.ch\/fr\/produit\/e0407691-jonction-de-derivation-parallele-en-plastique-akms-670f-vide-pour-masse-de-remplissage-a-chaud-150-300-1kv-1\/","title":{"rendered":"E0407691 &#8211; Jonction de d\u00e9rivation parall\u00e8le en plastique AKMS 670F \/ vide \/ pour masse de remplissage \u00e0 chaud \/ 150-300 \/ 1kV (1)"},"content":{"rendered":"<p>Bo\u00eetier de d\u00e9rivation basse tension en plastique, en deux parties,<br \/>pour r\u00e9sine ou bitume SP, volume de remplissage : 11 000 cm3<br \/>C\u00e2ble principal : 3&#215;150\/150 (4&#215;150) &#8211; 3&#215;240\/240 (4&#215;300)<br \/>D\u00e9rivateur: 3&#215;150\/150(4&#215;150)<br \/>y compris petit mat\u00e9riel et mat\u00e9riel de montage,<br \/>sans masse de scellement \/ sans bornes<br \/>L:670mm \/ l:325mm \/ H:220mm<br \/>1 pi\u00e8ce<\/p>\n","protected":false},"excerpt":{"rendered":"<p>Bo\u00eetier de d\u00e9rivation basse tension en plastique, en deux parties,pour r\u00e9sine ou bitume SP, volume de remplissage : 11 000 cm3C\u00e2ble principal : 3&#215;150\/150 (4&#215;150) &#8211; 3&#215;240\/240 (4&#215;300)D\u00e9rivateur: 3&#215;150\/150(4&#215;150)y compris petit mat\u00e9riel et mat\u00e9riel de montage,sans masse de scellement \/ sans bornesL:670mm \/ l:325mm \/ H:220mm1 pi\u00e8ce<\/p>\n","protected":false},"featured_media":84533,"template":"","meta":[],"product_brand":[],"product_cat":[1111,1065,1145,1152],"product_tag":[],"class_list":{"0":"post-101959","1":"product","2":"type-product","3":"status-publish","4":"has-post-thumbnail","6":"product_cat-e04-fr","7":"product_cat-e-fr","8":"product_cat-e0407-fr","9":"product_cat-e04076-fr","11":"first","12":"instock","13":"taxable","14":"shipping-taxable","15":"purchasable","16":"product-type-simple"},"_links":{"self":[{"href":"https:\/\/hantom.ch\/fr\/wp-json\/wp\/v2\/product\/101959","targetHints":{"allow":["GET"]}}],"collection":[{"href":"https:\/\/hantom.ch\/fr\/wp-json\/wp\/v2\/product"}],"about":[{"href":"https:\/\/hantom.ch\/fr\/wp-json\/wp\/v2\/types\/product"}],"wp:featuredmedia":[{"embeddable":true,"href":"https:\/\/hantom.ch\/fr\/wp-json\/wp\/v2\/media\/84533"}],"wp:attachment":[{"href":"https:\/\/hantom.ch\/fr\/wp-json\/wp\/v2\/media?parent=101959"}],"wp:term":[{"taxonomy":"product_brand","embeddable":true,"href":"https:\/\/hantom.ch\/fr\/wp-json\/wp\/v2\/product_brand?post=101959"},{"taxonomy":"product_cat","embeddable":true,"href":"https:\/\/hantom.ch\/fr\/wp-json\/wp\/v2\/product_cat?post=101959"},{"taxonomy":"product_tag","embeddable":true,"href":"https:\/\/hantom.ch\/fr\/wp-json\/wp\/v2\/product_tag?post=101959"}],"curies":[{"name":"wp","href":"https:\/\/api.w.org\/{rel}","templated":true}]}}