{"id":101960,"date":"2026-04-26T03:15:54","date_gmt":"2026-04-26T01:15:54","guid":{"rendered":"https:\/\/hantom.ch\/product\/e0407697-kit-de-transfert-ppb-cl-pour-jonction-de-derivation-parallele-en-plastique-bmue-150-300-1kv-1\/"},"modified":"2026-04-01T10:37:16","modified_gmt":"2026-04-01T08:37:16","slug":"e0407697-kit-de-transfert-ppb-cl-pour-jonction-de-derivation-parallele-en-plastique-bmue-150-300-1kv-1","status":"publish","type":"product","link":"https:\/\/hantom.ch\/fr\/produit\/e0407697-kit-de-transfert-ppb-cl-pour-jonction-de-derivation-parallele-en-plastique-bmue-150-300-1kv-1\/","title":{"rendered":"E0407697 &#8211; Kit de transfert PPb\/CL pour jonction de d\u00e9rivation parall\u00e8le en plastique BM\u00dc \/ 150-300 \/ 1kV (1)"},"content":{"rendered":"<p>Kit suppl\u00e9mentaire pour le passage de c\u00e2bles PPb ou CL dans <br \/>une gaine en plomb ou en CL \u00e0 une jonction de d\u00e9rivation parall\u00e8le en plastique.<\/p>\n","protected":false},"excerpt":{"rendered":"<p>Kit suppl\u00e9mentaire pour le passage de c\u00e2bles PPb ou CL dans une gaine en plomb ou en CL \u00e0 une jonction de d\u00e9rivation parall\u00e8le en plastique.<\/p>\n","protected":false},"featured_media":85214,"template":"","meta":[],"product_brand":[],"product_cat":[1111,1065,1145,1152],"product_tag":[],"class_list":{"0":"post-101960","1":"product","2":"type-product","3":"status-publish","4":"has-post-thumbnail","6":"product_cat-e04-fr","7":"product_cat-e-fr","8":"product_cat-e0407-fr","9":"product_cat-e04076-fr","11":"first","12":"instock","13":"taxable","14":"shipping-taxable","15":"purchasable","16":"product-type-simple"},"_links":{"self":[{"href":"https:\/\/hantom.ch\/fr\/wp-json\/wp\/v2\/product\/101960","targetHints":{"allow":["GET"]}}],"collection":[{"href":"https:\/\/hantom.ch\/fr\/wp-json\/wp\/v2\/product"}],"about":[{"href":"https:\/\/hantom.ch\/fr\/wp-json\/wp\/v2\/types\/product"}],"wp:featuredmedia":[{"embeddable":true,"href":"https:\/\/hantom.ch\/fr\/wp-json\/wp\/v2\/media\/85214"}],"wp:attachment":[{"href":"https:\/\/hantom.ch\/fr\/wp-json\/wp\/v2\/media?parent=101960"}],"wp:term":[{"taxonomy":"product_brand","embeddable":true,"href":"https:\/\/hantom.ch\/fr\/wp-json\/wp\/v2\/product_brand?post=101960"},{"taxonomy":"product_cat","embeddable":true,"href":"https:\/\/hantom.ch\/fr\/wp-json\/wp\/v2\/product_cat?post=101960"},{"taxonomy":"product_tag","embeddable":true,"href":"https:\/\/hantom.ch\/fr\/wp-json\/wp\/v2\/product_tag?post=101960"}],"curies":[{"name":"wp","href":"https:\/\/api.w.org\/{rel}","templated":true}]}}