{"id":101964,"date":"2026-05-05T03:31:12","date_gmt":"2026-05-05T01:31:12","guid":{"rendered":"https:\/\/hantom.ch\/product\/e0407902-jonction-de-derivation-thermoretr-hantom-leguan-1-2-50-150mm2-25-95mm2-og\/"},"modified":"2026-04-01T10:37:18","modified_gmt":"2026-04-01T08:37:18","slug":"e0407902-jonction-de-derivation-thermoretr-hantom-leguan-1-2-50-150mm2-25-95mm2-og","status":"publish","type":"product","link":"https:\/\/hantom.ch\/fr\/produit\/e0407902-jonction-de-derivation-thermoretr-hantom-leguan-1-2-50-150mm2-25-95mm2-og\/","title":{"rendered":"E0407902 &#8211; Jonction de d\u00e9rivation thermor\u00e9tr. Hantom Leguan 1.2 \/ 50-150mm2 \/ 25-95mm2 \/ OG"},"content":{"rendered":"<p>Jonction de d\u00e9rivation thermor\u00e9tractable pour c\u00e2ble Ceander 1 kV \u00e0 4 conducteurs<br \/>C\u00e2ble principal : 50-150 mm2<br \/>C\u00e2ble de d\u00e9rivation : 25-95 mm2<br \/>Sans ruban tiss\u00e9 en cuivre<br \/>Avec bornes de d\u00e9rivation isol\u00e9es<br \/>Test\u00e9 selon EN 50393<br \/>1 kit<\/p>\n","protected":false},"excerpt":{"rendered":"<p>Jonction de d\u00e9rivation thermor\u00e9tractable pour c\u00e2ble Ceander 1 kV \u00e0 4 conducteursC\u00e2ble principal : 50-150 mm2C\u00e2ble de d\u00e9rivation : 25-95 mm2Sans ruban tiss\u00e9 en cuivreAvec bornes de d\u00e9rivation isol\u00e9esTest\u00e9 selon EN 503931 kit<\/p>\n","protected":false},"featured_media":63442,"template":"","meta":[],"product_brand":[],"product_cat":[1111,1065,1155,1145],"product_tag":[],"class_list":{"0":"post-101964","1":"product","2":"type-product","3":"status-publish","4":"has-post-thumbnail","6":"product_cat-e04-fr","7":"product_cat-e-fr","8":"product_cat-e04079-fr","9":"product_cat-e0407-fr","11":"first","12":"instock","13":"taxable","14":"shipping-taxable","15":"purchasable","16":"product-type-simple"},"_links":{"self":[{"href":"https:\/\/hantom.ch\/fr\/wp-json\/wp\/v2\/product\/101964","targetHints":{"allow":["GET"]}}],"collection":[{"href":"https:\/\/hantom.ch\/fr\/wp-json\/wp\/v2\/product"}],"about":[{"href":"https:\/\/hantom.ch\/fr\/wp-json\/wp\/v2\/types\/product"}],"wp:featuredmedia":[{"embeddable":true,"href":"https:\/\/hantom.ch\/fr\/wp-json\/wp\/v2\/media\/63442"}],"wp:attachment":[{"href":"https:\/\/hantom.ch\/fr\/wp-json\/wp\/v2\/media?parent=101964"}],"wp:term":[{"taxonomy":"product_brand","embeddable":true,"href":"https:\/\/hantom.ch\/fr\/wp-json\/wp\/v2\/product_brand?post=101964"},{"taxonomy":"product_cat","embeddable":true,"href":"https:\/\/hantom.ch\/fr\/wp-json\/wp\/v2\/product_cat?post=101964"},{"taxonomy":"product_tag","embeddable":true,"href":"https:\/\/hantom.ch\/fr\/wp-json\/wp\/v2\/product_tag?post=101964"}],"curies":[{"name":"wp","href":"https:\/\/api.w.org\/{rel}","templated":true}]}}