{"id":101967,"date":"2026-05-05T03:31:17","date_gmt":"2026-05-05T01:31:17","guid":{"rendered":"https:\/\/hantom.ch\/product\/e0407921-jonction-de-derivation-thermoretr-hantom-leguan-3-1-25-150mm2-6-50mm2-og-fak\/"},"modified":"2026-04-01T10:37:20","modified_gmt":"2026-04-01T08:37:20","slug":"e0407921-jonction-de-derivation-thermoretr-hantom-leguan-3-1-25-150mm2-6-50mm2-og-fak","status":"publish","type":"product","link":"https:\/\/hantom.ch\/fr\/produit\/e0407921-jonction-de-derivation-thermoretr-hantom-leguan-3-1-25-150mm2-6-50mm2-og-fak\/","title":{"rendered":"E0407921 &#8211; Jonction de d\u00e9rivation thermor\u00e9tr. Hantom Leguan 3.1 \/ 25-150mm2 \/ 6-50mm2 \/ OG \/ FAK"},"content":{"rendered":"<p>Jonction de d\u00e9rivation thermor\u00e9tractable pour c\u00e2ble Ceander 1 kV \u00e0 4 conducteurs<br \/>C\u00e2ble principal : 25-150 mm2<br \/>C\u00e2ble de d\u00e9rivation : 6-50 mm2<br \/>Sans ruban tiss\u00e9 en cuivre<br \/>Avec bornes de d\u00e9rivation \u00e0 fraiser Arcus<br \/>Test\u00e9 selon EN 50393<br \/>1 kit<\/p>\n","protected":false},"excerpt":{"rendered":"<p>Jonction de d\u00e9rivation thermor\u00e9tractable pour c\u00e2ble Ceander 1 kV \u00e0 4 conducteursC\u00e2ble principal : 25-150 mm2C\u00e2ble de d\u00e9rivation : 6-50 mm2Sans ruban tiss\u00e9 en cuivreAvec bornes de d\u00e9rivation \u00e0 fraiser ArcusTest\u00e9 selon EN 503931 kit<\/p>\n","protected":false},"featured_media":75580,"template":"","meta":[],"product_brand":[],"product_cat":[1111,1065,1155,1145],"product_tag":[],"class_list":{"0":"post-101967","1":"product","2":"type-product","3":"status-publish","4":"has-post-thumbnail","6":"product_cat-e04-fr","7":"product_cat-e-fr","8":"product_cat-e04079-fr","9":"product_cat-e0407-fr","11":"first","12":"instock","13":"taxable","14":"shipping-taxable","15":"purchasable","16":"product-type-simple"},"_links":{"self":[{"href":"https:\/\/hantom.ch\/fr\/wp-json\/wp\/v2\/product\/101967","targetHints":{"allow":["GET"]}}],"collection":[{"href":"https:\/\/hantom.ch\/fr\/wp-json\/wp\/v2\/product"}],"about":[{"href":"https:\/\/hantom.ch\/fr\/wp-json\/wp\/v2\/types\/product"}],"wp:featuredmedia":[{"embeddable":true,"href":"https:\/\/hantom.ch\/fr\/wp-json\/wp\/v2\/media\/75580"}],"wp:attachment":[{"href":"https:\/\/hantom.ch\/fr\/wp-json\/wp\/v2\/media?parent=101967"}],"wp:term":[{"taxonomy":"product_brand","embeddable":true,"href":"https:\/\/hantom.ch\/fr\/wp-json\/wp\/v2\/product_brand?post=101967"},{"taxonomy":"product_cat","embeddable":true,"href":"https:\/\/hantom.ch\/fr\/wp-json\/wp\/v2\/product_cat?post=101967"},{"taxonomy":"product_tag","embeddable":true,"href":"https:\/\/hantom.ch\/fr\/wp-json\/wp\/v2\/product_tag?post=101967"}],"curies":[{"name":"wp","href":"https:\/\/api.w.org\/{rel}","templated":true}]}}