{"id":101978,"date":"2026-04-26T03:16:22","date_gmt":"2026-04-26T01:16:22","guid":{"rendered":"https:\/\/hantom.ch\/product\/e0408009-gaine-thermoretractable-a-paroi-epaisse-dsrtk-130-35-1000mm\/"},"modified":"2026-04-01T10:37:32","modified_gmt":"2026-04-01T08:37:32","slug":"e0408009-gaine-thermoretractable-a-paroi-epaisse-dsrtk-130-35-1000mm","status":"publish","type":"product","link":"https:\/\/hantom.ch\/fr\/produit\/e0408009-gaine-thermoretractable-a-paroi-epaisse-dsrtk-130-35-1000mm\/","title":{"rendered":"E0408009 &#8211; Gaine thermor\u00e9tractable \u00e0 paroi \u00e9paisse DSRTK 130\/35-1000mm"},"content":{"rendered":"<p>Gaine thermor\u00e9tractable \u00e0 paroi \u00e9paisse<br \/>Unit\u00e9: 1m<\/p>\n","protected":false},"excerpt":{"rendered":"<p>Gaine thermor\u00e9tractable \u00e0 paroi \u00e9paisseUnit\u00e9: 1m<\/p>\n","protected":false},"featured_media":58752,"template":"","meta":[],"product_brand":[],"product_cat":[1111,1065,1156,1159,1157],"product_tag":[],"class_list":{"0":"post-101978","1":"product","2":"type-product","3":"status-publish","4":"has-post-thumbnail","6":"product_cat-e04-fr","7":"product_cat-e-fr","8":"product_cat-e0408-fr","9":"product_cat-e0409-fr","10":"product_cat-e04080-fr","11":"pa_mengeneinheit-m","13":"first","14":"instock","15":"taxable","16":"shipping-taxable","17":"purchasable","18":"product-type-simple"},"_links":{"self":[{"href":"https:\/\/hantom.ch\/fr\/wp-json\/wp\/v2\/product\/101978","targetHints":{"allow":["GET"]}}],"collection":[{"href":"https:\/\/hantom.ch\/fr\/wp-json\/wp\/v2\/product"}],"about":[{"href":"https:\/\/hantom.ch\/fr\/wp-json\/wp\/v2\/types\/product"}],"wp:featuredmedia":[{"embeddable":true,"href":"https:\/\/hantom.ch\/fr\/wp-json\/wp\/v2\/media\/58752"}],"wp:attachment":[{"href":"https:\/\/hantom.ch\/fr\/wp-json\/wp\/v2\/media?parent=101978"}],"wp:term":[{"taxonomy":"product_brand","embeddable":true,"href":"https:\/\/hantom.ch\/fr\/wp-json\/wp\/v2\/product_brand?post=101978"},{"taxonomy":"product_cat","embeddable":true,"href":"https:\/\/hantom.ch\/fr\/wp-json\/wp\/v2\/product_cat?post=101978"},{"taxonomy":"product_tag","embeddable":true,"href":"https:\/\/hantom.ch\/fr\/wp-json\/wp\/v2\/product_tag?post=101978"}],"curies":[{"name":"wp","href":"https:\/\/api.w.org\/{rel}","templated":true}]}}