{"id":101979,"date":"2026-04-26T03:16:23","date_gmt":"2026-04-26T01:16:23","guid":{"rendered":"https:\/\/hantom.ch\/product\/e0408013-gaine-thermoretractable-a-paroi-epaisse-hra-6x-19-3-2-1000mm\/"},"modified":"2026-04-01T10:37:33","modified_gmt":"2026-04-01T08:37:33","slug":"e0408013-gaine-thermoretractable-a-paroi-epaisse-hra-6x-19-3-2-1000mm","status":"publish","type":"product","link":"https:\/\/hantom.ch\/fr\/produit\/e0408013-gaine-thermoretractable-a-paroi-epaisse-hra-6x-19-3-2-1000mm\/","title":{"rendered":"E0408013 &#8211; Gaine thermor\u00e9tractable \u00e0 paroi \u00e9paisse HRA-6X \/19 &#8211; 3.2, 1000mm"},"content":{"rendered":"<p>Gaine thermor\u00e9tractable \u00e0 paroi \u00e9paisse pour l&apos;isolation \u00e9lectrique \/ l&apos;\u00e9tanch\u00e9it\u00e9 <br \/>et la protection anticorrosion des composants, rev\u00eatue \u00e0 l&apos;int\u00e9rieur d&apos;une colle <br \/>thermofusible.<br \/>\u00c9paisseur de paroi max. : 3.2 mm<br \/>R\u00e9sistante aux UV<br \/>Unit\u00e9 : 1 m<\/p>\n","protected":false},"excerpt":{"rendered":"<p>Gaine thermor\u00e9tractable \u00e0 paroi \u00e9paisse pour l&apos;isolation \u00e9lectrique \/ l&apos;\u00e9tanch\u00e9it\u00e9 et la protection anticorrosion des composants, rev\u00eatue \u00e0 l&apos;int\u00e9rieur d&apos;une colle thermofusible.\u00c9paisseur de paroi max. : 3.2 mmR\u00e9sistante aux UVUnit\u00e9 : 1 m<\/p>\n","protected":false},"featured_media":75145,"template":"","meta":[],"product_brand":[],"product_cat":[1111,1065,1156,1159,1157],"product_tag":[],"class_list":{"0":"post-101979","1":"product","2":"type-product","3":"status-publish","4":"has-post-thumbnail","6":"product_cat-e04-fr","7":"product_cat-e-fr","8":"product_cat-e0408-fr","9":"product_cat-e0409-fr","10":"product_cat-e04080-fr","11":"pa_mengeneinheit-m","13":"first","14":"instock","15":"taxable","16":"shipping-taxable","17":"purchasable","18":"product-type-simple"},"_links":{"self":[{"href":"https:\/\/hantom.ch\/fr\/wp-json\/wp\/v2\/product\/101979","targetHints":{"allow":["GET"]}}],"collection":[{"href":"https:\/\/hantom.ch\/fr\/wp-json\/wp\/v2\/product"}],"about":[{"href":"https:\/\/hantom.ch\/fr\/wp-json\/wp\/v2\/types\/product"}],"wp:featuredmedia":[{"embeddable":true,"href":"https:\/\/hantom.ch\/fr\/wp-json\/wp\/v2\/media\/75145"}],"wp:attachment":[{"href":"https:\/\/hantom.ch\/fr\/wp-json\/wp\/v2\/media?parent=101979"}],"wp:term":[{"taxonomy":"product_brand","embeddable":true,"href":"https:\/\/hantom.ch\/fr\/wp-json\/wp\/v2\/product_brand?post=101979"},{"taxonomy":"product_cat","embeddable":true,"href":"https:\/\/hantom.ch\/fr\/wp-json\/wp\/v2\/product_cat?post=101979"},{"taxonomy":"product_tag","embeddable":true,"href":"https:\/\/hantom.ch\/fr\/wp-json\/wp\/v2\/product_tag?post=101979"}],"curies":[{"name":"wp","href":"https:\/\/api.w.org\/{rel}","templated":true}]}}