{"id":101983,"date":"2026-04-26T03:16:29","date_gmt":"2026-04-26T01:16:29","guid":{"rendered":"https:\/\/hantom.ch\/product\/e0408028-gaine-thermoretractable-a-paroi-epaisse-cpeepl-105-mm-30-mm-l-1000-mm\/"},"modified":"2026-04-01T10:37:35","modified_gmt":"2026-04-01T08:37:35","slug":"e0408028-gaine-thermoretractable-a-paroi-epaisse-cpeepl-105-mm-30-mm-l-1000-mm","status":"publish","type":"product","link":"https:\/\/hantom.ch\/fr\/produit\/e0408028-gaine-thermoretractable-a-paroi-epaisse-cpeepl-105-mm-30-mm-l-1000-mm\/","title":{"rendered":"E0408028 &#8211; Gaine thermor\u00e9tractable \u00e0 paroi \u00e9paisse CPEEPL 105 mm \/ 30 mm \/ L: 1000 mm"},"content":{"rendered":"","protected":false},"excerpt":{"rendered":"","protected":false},"featured_media":59399,"template":"","meta":[],"product_brand":[],"product_cat":[1111,1065,1156,1159,1157],"product_tag":[],"class_list":{"0":"post-101983","1":"product","2":"type-product","3":"status-publish","4":"has-post-thumbnail","6":"product_cat-e04-fr","7":"product_cat-e-fr","8":"product_cat-e0408-fr","9":"product_cat-e0409-fr","10":"product_cat-e04080-fr","11":"pa_mengeneinheit-m","13":"first","14":"instock","15":"taxable","16":"shipping-taxable","17":"purchasable","18":"product-type-simple"},"_links":{"self":[{"href":"https:\/\/hantom.ch\/fr\/wp-json\/wp\/v2\/product\/101983","targetHints":{"allow":["GET"]}}],"collection":[{"href":"https:\/\/hantom.ch\/fr\/wp-json\/wp\/v2\/product"}],"about":[{"href":"https:\/\/hantom.ch\/fr\/wp-json\/wp\/v2\/types\/product"}],"wp:featuredmedia":[{"embeddable":true,"href":"https:\/\/hantom.ch\/fr\/wp-json\/wp\/v2\/media\/59399"}],"wp:attachment":[{"href":"https:\/\/hantom.ch\/fr\/wp-json\/wp\/v2\/media?parent=101983"}],"wp:term":[{"taxonomy":"product_brand","embeddable":true,"href":"https:\/\/hantom.ch\/fr\/wp-json\/wp\/v2\/product_brand?post=101983"},{"taxonomy":"product_cat","embeddable":true,"href":"https:\/\/hantom.ch\/fr\/wp-json\/wp\/v2\/product_cat?post=101983"},{"taxonomy":"product_tag","embeddable":true,"href":"https:\/\/hantom.ch\/fr\/wp-json\/wp\/v2\/product_tag?post=101983"}],"curies":[{"name":"wp","href":"https:\/\/api.w.org\/{rel}","templated":true}]}}