{"id":102007,"date":"2026-04-17T03:16:21","date_gmt":"2026-04-17T01:16:21","guid":{"rendered":"https:\/\/hantom.ch\/product\/e0409027-gaines-thermoretractables-en-boites-3m-24-0-8-0-jaune-vert\/"},"modified":"2026-04-01T10:37:54","modified_gmt":"2026-04-01T08:37:54","slug":"e0409027-gaines-thermoretractables-en-boites-3m-24-0-8-0-jaune-vert","status":"publish","type":"product","link":"https:\/\/hantom.ch\/fr\/produit\/e0409027-gaines-thermoretractables-en-boites-3m-24-0-8-0-jaune-vert\/","title":{"rendered":"E0409027 &#8211; Gaines thermor\u00e9tractables en bo\u00eetes 3m , 24.0 \/ 8.0 , jaune-vert"},"content":{"rendered":"<p>Gaine thermor\u00e9tractable \u00e0 paroi mince sans<br \/>adh\u00e9sif thermofusible interne, en polyol\u00e9fine r\u00e9ticul\u00e9e,<br \/>Plage de r\u00e9traction : 24,0 mm \/ 8,0 mm,<br \/>taux de r\u00e9traction 3:1<br \/>Unit\u00e9 : 1 bo\u00eete de 3 m<\/p>\n","protected":false},"excerpt":{"rendered":"<p>Gaine thermor\u00e9tractable \u00e0 paroi mince sansadh\u00e9sif thermofusible interne, en polyol\u00e9fine r\u00e9ticul\u00e9e,Plage de r\u00e9traction : 24,0 mm \/ 8,0 mm,taux de r\u00e9traction 3:1Unit\u00e9 : 1 bo\u00eete de 3 m<\/p>\n","protected":false},"featured_media":70118,"template":"","meta":[],"product_brand":[],"product_cat":[1111,1065,1156,1159,1160],"product_tag":[],"class_list":{"0":"post-102007","1":"product","2":"type-product","3":"status-publish","4":"has-post-thumbnail","6":"product_cat-e04-fr","7":"product_cat-e-fr","8":"product_cat-e0408-fr","9":"product_cat-e0409-fr","10":"product_cat-e04090-fr","12":"first","13":"instock","14":"taxable","15":"shipping-taxable","16":"purchasable","17":"product-type-simple"},"_links":{"self":[{"href":"https:\/\/hantom.ch\/fr\/wp-json\/wp\/v2\/product\/102007","targetHints":{"allow":["GET"]}}],"collection":[{"href":"https:\/\/hantom.ch\/fr\/wp-json\/wp\/v2\/product"}],"about":[{"href":"https:\/\/hantom.ch\/fr\/wp-json\/wp\/v2\/types\/product"}],"wp:featuredmedia":[{"embeddable":true,"href":"https:\/\/hantom.ch\/fr\/wp-json\/wp\/v2\/media\/70118"}],"wp:attachment":[{"href":"https:\/\/hantom.ch\/fr\/wp-json\/wp\/v2\/media?parent=102007"}],"wp:term":[{"taxonomy":"product_brand","embeddable":true,"href":"https:\/\/hantom.ch\/fr\/wp-json\/wp\/v2\/product_brand?post=102007"},{"taxonomy":"product_cat","embeddable":true,"href":"https:\/\/hantom.ch\/fr\/wp-json\/wp\/v2\/product_cat?post=102007"},{"taxonomy":"product_tag","embeddable":true,"href":"https:\/\/hantom.ch\/fr\/wp-json\/wp\/v2\/product_tag?post=102007"}],"curies":[{"name":"wp","href":"https:\/\/api.w.org\/{rel}","templated":true}]}}