{"id":102016,"date":"2026-04-17T03:16:36","date_gmt":"2026-04-17T01:16:36","guid":{"rendered":"https:\/\/hantom.ch\/product\/e0409112-gaine-thermoretractable-10m-50-8-25-4-rouge\/"},"modified":"2026-04-01T10:37:59","modified_gmt":"2026-04-01T08:37:59","slug":"e0409112-gaine-thermoretractable-10m-50-8-25-4-rouge","status":"publish","type":"product","link":"https:\/\/hantom.ch\/fr\/produit\/e0409112-gaine-thermoretractable-10m-50-8-25-4-rouge\/","title":{"rendered":"E0409112 &#8211; Gaine thermor\u00e9tractable 10m , 50.8 \/ 25.4 , ROUGE"},"content":{"rendered":"<p>Gaine thermor\u00e9tractable \u00e0 paroi mince sans<br \/>colle thermofusible interne en polyol\u00e9fine r\u00e9ticul\u00e9e,<br \/>gamme de r\u00e9traction : 50.8mm \/ 25.4mm,<br \/>taux de r\u00e9tr\u00e9cissement 2:1<\/p>\n<p>Unit\u00e9 : 1 rouleau de 10m<\/p>\n","protected":false},"excerpt":{"rendered":"<p>Gaine thermor\u00e9tractable \u00e0 paroi mince sanscolle thermofusible interne en polyol\u00e9fine r\u00e9ticul\u00e9e,gamme de r\u00e9traction : 50.8mm \/ 25.4mm,taux de r\u00e9tr\u00e9cissement 2:1 Unit\u00e9 : 1 rouleau de 10m<\/p>\n","protected":false},"featured_media":52508,"template":"","meta":[],"product_brand":[],"product_cat":[1111,1065,1156,1159,1164],"product_tag":[],"class_list":{"0":"post-102016","1":"product","2":"type-product","3":"status-publish","4":"has-post-thumbnail","6":"product_cat-e04-fr","7":"product_cat-e-fr","8":"product_cat-e0408-fr","9":"product_cat-e0409-fr","10":"product_cat-e04091-fr","12":"first","13":"instock","14":"taxable","15":"shipping-taxable","16":"purchasable","17":"product-type-simple"},"_links":{"self":[{"href":"https:\/\/hantom.ch\/fr\/wp-json\/wp\/v2\/product\/102016","targetHints":{"allow":["GET"]}}],"collection":[{"href":"https:\/\/hantom.ch\/fr\/wp-json\/wp\/v2\/product"}],"about":[{"href":"https:\/\/hantom.ch\/fr\/wp-json\/wp\/v2\/types\/product"}],"wp:featuredmedia":[{"embeddable":true,"href":"https:\/\/hantom.ch\/fr\/wp-json\/wp\/v2\/media\/52508"}],"wp:attachment":[{"href":"https:\/\/hantom.ch\/fr\/wp-json\/wp\/v2\/media?parent=102016"}],"wp:term":[{"taxonomy":"product_brand","embeddable":true,"href":"https:\/\/hantom.ch\/fr\/wp-json\/wp\/v2\/product_brand?post=102016"},{"taxonomy":"product_cat","embeddable":true,"href":"https:\/\/hantom.ch\/fr\/wp-json\/wp\/v2\/product_cat?post=102016"},{"taxonomy":"product_tag","embeddable":true,"href":"https:\/\/hantom.ch\/fr\/wp-json\/wp\/v2\/product_tag?post=102016"}],"curies":[{"name":"wp","href":"https:\/\/api.w.org\/{rel}","templated":true}]}}