{"id":102048,"date":"2026-04-17T03:17:21","date_gmt":"2026-04-17T01:17:21","guid":{"rendered":"https:\/\/hantom.ch\/product\/e0410307-gaine-thermoretractable-pour-lisolation-des-jeux-de-barres-hbtm-75-30-1000mm\/"},"modified":"2026-04-01T10:38:28","modified_gmt":"2026-04-01T08:38:28","slug":"e0410307-gaine-thermoretractable-pour-lisolation-des-jeux-de-barres-hbtm-75-30-1000mm","status":"publish","type":"product","link":"https:\/\/hantom.ch\/fr\/produit\/e0410307-gaine-thermoretractable-pour-lisolation-des-jeux-de-barres-hbtm-75-30-1000mm\/","title":{"rendered":"E0410307 &#8211; Gaine thermor\u00e9tractable pour l&apos;isolation des jeux de barres HBTM \/ 75\/30  \/ 1000mm"},"content":{"rendered":"<p>Gaine thermor\u00e9tractable sans<br \/>colle thermofusible interne<br \/>Diam\u00e8tre int\u00e9rieur non r\u00e9tract\u00e9 : 75 mm<br \/>Diam\u00e8tre int\u00e9rieur r\u00e9tract\u00e9 : 30 mm<br \/>\u00c9paisseur de paroi r\u00e9tract\u00e9e : 2,9 mm<br \/>Longueur : 1 m<br \/>R\u00e9sistance di\u00e9lectrique : jusqu&apos;\u00e0 36 kV<\/p>\n","protected":false},"excerpt":{"rendered":"<p>Gaine thermor\u00e9tractable sanscolle thermofusible interneDiam\u00e8tre int\u00e9rieur non r\u00e9tract\u00e9 : 75 mmDiam\u00e8tre int\u00e9rieur r\u00e9tract\u00e9 : 30 mm\u00c9paisseur de paroi r\u00e9tract\u00e9e : 2,9 mmLongueur : 1 mR\u00e9sistance di\u00e9lectrique : jusqu&apos;\u00e0 36 kV<\/p>\n","protected":false},"featured_media":59684,"template":"","meta":[],"product_brand":[],"product_cat":[1111,1065,1156,1159,1166],"product_tag":[],"class_list":{"0":"post-102048","1":"product","2":"type-product","3":"status-publish","4":"has-post-thumbnail","6":"product_cat-e04-fr","7":"product_cat-e-fr","8":"product_cat-e0408-fr","9":"product_cat-e0409-fr","10":"product_cat-e04093-fr","11":"pa_mengeneinheit-m","13":"first","14":"instock","15":"taxable","16":"shipping-taxable","17":"purchasable","18":"product-type-simple"},"_links":{"self":[{"href":"https:\/\/hantom.ch\/fr\/wp-json\/wp\/v2\/product\/102048","targetHints":{"allow":["GET"]}}],"collection":[{"href":"https:\/\/hantom.ch\/fr\/wp-json\/wp\/v2\/product"}],"about":[{"href":"https:\/\/hantom.ch\/fr\/wp-json\/wp\/v2\/types\/product"}],"wp:featuredmedia":[{"embeddable":true,"href":"https:\/\/hantom.ch\/fr\/wp-json\/wp\/v2\/media\/59684"}],"wp:attachment":[{"href":"https:\/\/hantom.ch\/fr\/wp-json\/wp\/v2\/media?parent=102048"}],"wp:term":[{"taxonomy":"product_brand","embeddable":true,"href":"https:\/\/hantom.ch\/fr\/wp-json\/wp\/v2\/product_brand?post=102048"},{"taxonomy":"product_cat","embeddable":true,"href":"https:\/\/hantom.ch\/fr\/wp-json\/wp\/v2\/product_cat?post=102048"},{"taxonomy":"product_tag","embeddable":true,"href":"https:\/\/hantom.ch\/fr\/wp-json\/wp\/v2\/product_tag?post=102048"}],"curies":[{"name":"wp","href":"https:\/\/api.w.org\/{rel}","templated":true}]}}