{"id":102050,"date":"2026-05-05T03:46:19","date_gmt":"2026-05-05T01:46:19","guid":{"rendered":"https:\/\/hantom.ch\/product\/e0501024-prise-de-courant-droite-24-kv-250-a-amv-a-k200srg-12-25-50s3\/"},"modified":"2025-04-23T08:32:13","modified_gmt":"2025-04-23T06:32:13","slug":"e0501024-prise-de-courant-droite-24-kv-250-a-amv-a-k200srg-12-25-50s3","status":"publish","type":"product","link":"https:\/\/hantom.ch\/fr\/produit\/e0501024-prise-de-courant-droite-24-kv-250-a-amv-a-k200srg-12-25-50s3\/","title":{"rendered":"E0501024 &#8211; Prise de courant droite &#8211; 24 kV &#8211; 250 A AMV-A-K200SRG-12\/25-50S(3)"},"content":{"rendered":"<p>Prise de courant droite &#8211; 24 kV &#8211; 250 A<br \/>Interface A avec contact \u00e0 visser 25-50mm2 pour<br \/>Conducteur Cu und Al &#8211; D Isolation : 13-21 mm<br \/>avec point de mesure capacitif<br \/>Set \u00e0 3 pi\u00e8ces<\/p>\n","protected":false},"excerpt":{"rendered":"<p>Prise de courant droite &#8211; 24 kV &#8211; 250 AInterface A avec contact \u00e0 visser 25-50mm2 pourConducteur Cu und Al &#8211; D Isolation : 13-21 mmavec point de mesure capacitifSet \u00e0 3 pi\u00e8ces<\/p>\n","protected":false},"featured_media":39739,"template":"","meta":[],"product_brand":[],"product_cat":[1065,1167,1168,1169],"product_tag":[],"class_list":{"0":"post-102050","1":"product","2":"type-product","3":"status-publish","4":"has-post-thumbnail","6":"product_cat-e-fr","7":"product_cat-e05-fr","8":"product_cat-e0501-fr","9":"product_cat-e05010-fr","11":"first","12":"instock","13":"taxable","14":"shipping-taxable","15":"purchasable","16":"product-type-simple"},"_links":{"self":[{"href":"https:\/\/hantom.ch\/fr\/wp-json\/wp\/v2\/product\/102050","targetHints":{"allow":["GET"]}}],"collection":[{"href":"https:\/\/hantom.ch\/fr\/wp-json\/wp\/v2\/product"}],"about":[{"href":"https:\/\/hantom.ch\/fr\/wp-json\/wp\/v2\/types\/product"}],"wp:featuredmedia":[{"embeddable":true,"href":"https:\/\/hantom.ch\/fr\/wp-json\/wp\/v2\/media\/39739"}],"wp:attachment":[{"href":"https:\/\/hantom.ch\/fr\/wp-json\/wp\/v2\/media?parent=102050"}],"wp:term":[{"taxonomy":"product_brand","embeddable":true,"href":"https:\/\/hantom.ch\/fr\/wp-json\/wp\/v2\/product_brand?post=102050"},{"taxonomy":"product_cat","embeddable":true,"href":"https:\/\/hantom.ch\/fr\/wp-json\/wp\/v2\/product_cat?post=102050"},{"taxonomy":"product_tag","embeddable":true,"href":"https:\/\/hantom.ch\/fr\/wp-json\/wp\/v2\/product_tag?post=102050"}],"curies":[{"name":"wp","href":"https:\/\/api.w.org\/{rel}","templated":true}]}}