{"id":102051,"date":"2026-05-12T04:01:32","date_gmt":"2026-05-12T02:01:32","guid":{"rendered":"https:\/\/hantom.ch\/product\/e0501025-prise-de-courant-equerre-24-kv-250-a-amv-a-k200lrg-16-50-95s3\/"},"modified":"2025-04-23T08:32:13","modified_gmt":"2025-04-23T06:32:13","slug":"e0501025-prise-de-courant-equerre-24-kv-250-a-amv-a-k200lrg-16-50-95s3","status":"publish","type":"product","link":"https:\/\/hantom.ch\/fr\/produit\/e0501025-prise-de-courant-equerre-24-kv-250-a-amv-a-k200lrg-16-50-95s3\/","title":{"rendered":"E0501025 &#8211; Prise de courant \u00e9querre &#8211; 24 kV &#8211; 250 A AMV-A-K200LRG-16\/50-95S(3)"},"content":{"rendered":"<p>Prise de courant \u00e9querre &#8211; 24 kV &#8211; 250 A<br \/>Interface A avec contact \u00e0 visser 50-95 mm2 pour<br \/>conducteur Cu et Al &#8211; d Isolation:  17.5-25 mm<br \/>Avec point de mesure capacitif<br \/>Set \u00e0 3 pi\u00e8ces<\/p>\n","protected":false},"excerpt":{"rendered":"<p>Prise de courant \u00e9querre &#8211; 24 kV &#8211; 250 AInterface A avec contact \u00e0 visser 50-95 mm2 pourconducteur Cu et Al &#8211; d Isolation: 17.5-25 mmAvec point de mesure capacitifSet \u00e0 3 pi\u00e8ces<\/p>\n","protected":false},"featured_media":44964,"template":"","meta":[],"product_brand":[],"product_cat":[1065,1167,1168,1169],"product_tag":[],"class_list":{"0":"post-102051","1":"product","2":"type-product","3":"status-publish","4":"has-post-thumbnail","6":"product_cat-e-fr","7":"product_cat-e05-fr","8":"product_cat-e0501-fr","9":"product_cat-e05010-fr","11":"first","12":"instock","13":"taxable","14":"shipping-taxable","15":"purchasable","16":"product-type-simple"},"_links":{"self":[{"href":"https:\/\/hantom.ch\/fr\/wp-json\/wp\/v2\/product\/102051","targetHints":{"allow":["GET"]}}],"collection":[{"href":"https:\/\/hantom.ch\/fr\/wp-json\/wp\/v2\/product"}],"about":[{"href":"https:\/\/hantom.ch\/fr\/wp-json\/wp\/v2\/types\/product"}],"wp:featuredmedia":[{"embeddable":true,"href":"https:\/\/hantom.ch\/fr\/wp-json\/wp\/v2\/media\/44964"}],"wp:attachment":[{"href":"https:\/\/hantom.ch\/fr\/wp-json\/wp\/v2\/media?parent=102051"}],"wp:term":[{"taxonomy":"product_brand","embeddable":true,"href":"https:\/\/hantom.ch\/fr\/wp-json\/wp\/v2\/product_brand?post=102051"},{"taxonomy":"product_cat","embeddable":true,"href":"https:\/\/hantom.ch\/fr\/wp-json\/wp\/v2\/product_cat?post=102051"},{"taxonomy":"product_tag","embeddable":true,"href":"https:\/\/hantom.ch\/fr\/wp-json\/wp\/v2\/product_tag?post=102051"}],"curies":[{"name":"wp","href":"https:\/\/api.w.org\/{rel}","templated":true}]}}