{"id":102056,"date":"2026-05-12T04:01:44","date_gmt":"2026-05-12T02:01:44","guid":{"rendered":"https:\/\/hantom.ch\/product\/e0501101-prise-de-courant-equerre-en-silicone-24-kv-250-a-type-sew24-25-35-95-mm23\/"},"modified":"2025-04-23T08:32:15","modified_gmt":"2025-04-23T06:32:15","slug":"e0501101-prise-de-courant-equerre-en-silicone-24-kv-250-a-type-sew24-25-35-95-mm23","status":"publish","type":"product","link":"https:\/\/hantom.ch\/fr\/produit\/e0501101-prise-de-courant-equerre-en-silicone-24-kv-250-a-type-sew24-25-35-95-mm23\/","title":{"rendered":"E0501101 &#8211; Prise de courant \u00e9querre en silicone &#8211; 24 kV &#8211; 250 A Type SEW24    (25) 35-95 mm2(3)"},"content":{"rendered":"<p>Prise de courant \u00e9querre en silicone &#8211; 24 kV  &#8211; 250 A <br \/>Interface A avec contact \u00e0 visser 25&#8230;95 mm2 pour conducteur Cu et Al<br \/>Isolation d : 17.3-25.0 mm, pour c\u00e2ble XKDT &#8211;  (25) 35-95 <br \/>Unit\u00e9: 1 Set \u00e0 3 pi\u00e8ces<\/p>\n","protected":false},"excerpt":{"rendered":"<p>Prise de courant \u00e9querre en silicone &#8211; 24 kV &#8211; 250 A Interface A avec contact \u00e0 visser 25&#8230;95 mm2 pour conducteur Cu et AlIsolation d : 17.3-25.0 mm, pour c\u00e2ble XKDT &#8211; (25) 35-95 Unit\u00e9: 1 Set \u00e0 3 pi\u00e8ces<\/p>\n","protected":false},"featured_media":58540,"template":"","meta":[],"product_brand":[],"product_cat":[1065,1167,1168,1170],"product_tag":[],"class_list":{"0":"post-102056","1":"product","2":"type-product","3":"status-publish","4":"has-post-thumbnail","6":"product_cat-e-fr","7":"product_cat-e05-fr","8":"product_cat-e0501-fr","9":"product_cat-e05011-fr","11":"first","12":"instock","13":"taxable","14":"shipping-taxable","15":"purchasable","16":"product-type-simple"},"_links":{"self":[{"href":"https:\/\/hantom.ch\/fr\/wp-json\/wp\/v2\/product\/102056","targetHints":{"allow":["GET"]}}],"collection":[{"href":"https:\/\/hantom.ch\/fr\/wp-json\/wp\/v2\/product"}],"about":[{"href":"https:\/\/hantom.ch\/fr\/wp-json\/wp\/v2\/types\/product"}],"wp:featuredmedia":[{"embeddable":true,"href":"https:\/\/hantom.ch\/fr\/wp-json\/wp\/v2\/media\/58540"}],"wp:attachment":[{"href":"https:\/\/hantom.ch\/fr\/wp-json\/wp\/v2\/media?parent=102056"}],"wp:term":[{"taxonomy":"product_brand","embeddable":true,"href":"https:\/\/hantom.ch\/fr\/wp-json\/wp\/v2\/product_brand?post=102056"},{"taxonomy":"product_cat","embeddable":true,"href":"https:\/\/hantom.ch\/fr\/wp-json\/wp\/v2\/product_cat?post=102056"},{"taxonomy":"product_tag","embeddable":true,"href":"https:\/\/hantom.ch\/fr\/wp-json\/wp\/v2\/product_tag?post=102056"}],"curies":[{"name":"wp","href":"https:\/\/api.w.org\/{rel}","templated":true}]}}