{"id":102057,"date":"2026-05-12T04:01:46","date_gmt":"2026-05-12T02:01:46","guid":{"rendered":"https:\/\/hantom.ch\/product\/e0501102-prise-de-courant-droite-24-kv-250-a-silicone-type-sehdg-21-1-50-mm23\/"},"modified":"2025-04-23T08:32:15","modified_gmt":"2025-04-23T06:32:15","slug":"e0501102-prise-de-courant-droite-24-kv-250-a-silicone-type-sehdg-21-1-50-mm23","status":"publish","type":"product","link":"https:\/\/hantom.ch\/fr\/produit\/e0501102-prise-de-courant-droite-24-kv-250-a-silicone-type-sehdg-21-1-50-mm23\/","title":{"rendered":"E0501102 &#8211; Prise de courant droite &#8211; 24 kV &#8211; 250 A Silicone Type SEHDG 21.1  50 mm2(3)"},"content":{"rendered":"<p>Prise de courant droite en silicone &#8211; 24kV<br \/>sans encapsulage m\u00e9tallique<br \/>250 A Interface A avec contact \u00e0 visser 50mm2 pour<br \/>conducteur Cu und Al &#8211; d Isolation : 17.0-24.3 mm<br \/>pour c\u00e2ble XKDT<br \/>Set \u00e0 3 pi\u00e8ces<\/p>\n","protected":false},"excerpt":{"rendered":"<p>Prise de courant droite en silicone &#8211; 24kVsans encapsulage m\u00e9tallique250 A Interface A avec contact \u00e0 visser 50mm2 pourconducteur Cu und Al &#8211; d Isolation : 17.0-24.3 mmpour c\u00e2ble XKDTSet \u00e0 3 pi\u00e8ces<\/p>\n","protected":false},"featured_media":33144,"template":"","meta":[],"product_brand":[],"product_cat":[1065,1167,1168,1170],"product_tag":[],"class_list":{"0":"post-102057","1":"product","2":"type-product","3":"status-publish","4":"has-post-thumbnail","6":"product_cat-e-fr","7":"product_cat-e05-fr","8":"product_cat-e0501-fr","9":"product_cat-e05011-fr","11":"first","12":"instock","13":"taxable","14":"shipping-taxable","15":"purchasable","16":"product-type-simple"},"_links":{"self":[{"href":"https:\/\/hantom.ch\/fr\/wp-json\/wp\/v2\/product\/102057","targetHints":{"allow":["GET"]}}],"collection":[{"href":"https:\/\/hantom.ch\/fr\/wp-json\/wp\/v2\/product"}],"about":[{"href":"https:\/\/hantom.ch\/fr\/wp-json\/wp\/v2\/types\/product"}],"wp:featuredmedia":[{"embeddable":true,"href":"https:\/\/hantom.ch\/fr\/wp-json\/wp\/v2\/media\/33144"}],"wp:attachment":[{"href":"https:\/\/hantom.ch\/fr\/wp-json\/wp\/v2\/media?parent=102057"}],"wp:term":[{"taxonomy":"product_brand","embeddable":true,"href":"https:\/\/hantom.ch\/fr\/wp-json\/wp\/v2\/product_brand?post=102057"},{"taxonomy":"product_cat","embeddable":true,"href":"https:\/\/hantom.ch\/fr\/wp-json\/wp\/v2\/product_cat?post=102057"},{"taxonomy":"product_tag","embeddable":true,"href":"https:\/\/hantom.ch\/fr\/wp-json\/wp\/v2\/product_tag?post=102057"}],"curies":[{"name":"wp","href":"https:\/\/api.w.org\/{rel}","templated":true}]}}