{"id":102063,"date":"2026-04-16T03:46:26","date_gmt":"2026-04-16T01:46:26","guid":{"rendered":"https:\/\/hantom.ch\/product\/e0502101-prise-de-courant-t-24-kv-630-a-silicone-type-set24-25-70mm23\/"},"modified":"2025-04-23T08:32:17","modified_gmt":"2025-04-23T06:32:17","slug":"e0502101-prise-de-courant-t-24-kv-630-a-silicone-type-set24-25-70mm23","status":"publish","type":"product","link":"https:\/\/hantom.ch\/fr\/produit\/e0502101-prise-de-courant-t-24-kv-630-a-silicone-type-set24-25-70mm23\/","title":{"rendered":"E0502101 &#8211; Prise de courant T &#8211; 24 kV &#8211; 630 A Silicone Type SET24   25-70mm2(3)"},"content":{"rendered":"<p>Prise de courant T &#8211; 24 kV &#8211; 630 A <br \/>Interface C avec contact \u00e0 visser 25\u202670 mm2 pour<br \/>conducteur Cu und Al &#8211; d Isolation : 15.0\u202623.5mm<br \/>pour c\u00e2ble XKDT 25-70mm2<br \/>sans encapsulage m\u00e9tallique, avec cosse \u00e0 visser pour conducteur et \u00e9cran<br \/>Set \u00e0 3 pi\u00e8ces<\/p>\n","protected":false},"excerpt":{"rendered":"<p>Prise de courant T &#8211; 24 kV &#8211; 630 A Interface C avec contact \u00e0 visser 25\u202670 mm2 pourconducteur Cu und Al &#8211; d Isolation : 15.0\u202623.5mmpour c\u00e2ble XKDT 25-70mm2sans encapsulage m\u00e9tallique, avec cosse \u00e0 visser pour conducteur et \u00e9cranSet \u00e0 3 pi\u00e8ces<\/p>\n","protected":false},"featured_media":59056,"template":"","meta":[],"product_brand":[],"product_cat":[1065,1167,1175,1177],"product_tag":[],"class_list":{"0":"post-102063","1":"product","2":"type-product","3":"status-publish","4":"has-post-thumbnail","6":"product_cat-e-fr","7":"product_cat-e05-fr","8":"product_cat-e0502-fr","9":"product_cat-e05021-fr","11":"first","12":"instock","13":"taxable","14":"shipping-taxable","15":"purchasable","16":"product-type-simple"},"_links":{"self":[{"href":"https:\/\/hantom.ch\/fr\/wp-json\/wp\/v2\/product\/102063","targetHints":{"allow":["GET"]}}],"collection":[{"href":"https:\/\/hantom.ch\/fr\/wp-json\/wp\/v2\/product"}],"about":[{"href":"https:\/\/hantom.ch\/fr\/wp-json\/wp\/v2\/types\/product"}],"wp:featuredmedia":[{"embeddable":true,"href":"https:\/\/hantom.ch\/fr\/wp-json\/wp\/v2\/media\/59056"}],"wp:attachment":[{"href":"https:\/\/hantom.ch\/fr\/wp-json\/wp\/v2\/media?parent=102063"}],"wp:term":[{"taxonomy":"product_brand","embeddable":true,"href":"https:\/\/hantom.ch\/fr\/wp-json\/wp\/v2\/product_brand?post=102063"},{"taxonomy":"product_cat","embeddable":true,"href":"https:\/\/hantom.ch\/fr\/wp-json\/wp\/v2\/product_cat?post=102063"},{"taxonomy":"product_tag","embeddable":true,"href":"https:\/\/hantom.ch\/fr\/wp-json\/wp\/v2\/product_tag?post=102063"}],"curies":[{"name":"wp","href":"https:\/\/api.w.org\/{rel}","templated":true}]}}