{"id":102066,"date":"2026-04-16T03:46:30","date_gmt":"2026-04-16T01:46:30","guid":{"rendered":"https:\/\/hantom.ch\/product\/e0502133-prise-de-courant-t-silicone-630a-cont630-24l300-120-300mm2-interface-c-3\/"},"modified":"2025-04-23T08:45:22","modified_gmt":"2025-04-23T06:45:22","slug":"e0502133-prise-de-courant-t-silicone-630a-cont630-24l300-120-300mm2-interface-c-3","status":"publish","type":"product","link":"https:\/\/hantom.ch\/fr\/produit\/e0502133-prise-de-courant-t-silicone-630a-cont630-24l300-120-300mm2-interface-c-3\/","title":{"rendered":"E0502133 &#8211; Prise de courant T silicone 630A CONT630-24L300 \/ 120-300mm2 \/Interface C (3)"},"content":{"rendered":"<p>Prise de courant T silicone  24 kV &#8211; 630 A<br \/>C\u00f4ne ext\u00e9rieur type C avec cosse \u00e0 visser, Adapter<br \/>Plage de sections 120-300 mm2 AL ou Cu, c\u00e2ble avec \u00e9cran \u00e0 fils<br \/>\u00d8 Isolation min. 23.3-38.5  mm<br \/>Set \u00e0 3 pi\u00e8ces<\/p>\n","protected":false},"excerpt":{"rendered":"<p>Prise de courant T silicone 24 kV &#8211; 630 AC\u00f4ne ext\u00e9rieur type C avec cosse \u00e0 visser, AdapterPlage de sections 120-300 mm2 AL ou Cu, c\u00e2ble avec \u00e9cran \u00e0 fils\u00d8 Isolation min. 23.3-38.5 mmSet \u00e0 3 pi\u00e8ces<\/p>\n","protected":false},"featured_media":59513,"template":"","meta":[],"product_brand":[],"product_cat":[1065,1167,1175,1177],"product_tag":[],"class_list":{"0":"post-102066","1":"product","2":"type-product","3":"status-publish","4":"has-post-thumbnail","6":"product_cat-e-fr","7":"product_cat-e05-fr","8":"product_cat-e0502-fr","9":"product_cat-e05021-fr","11":"first","12":"instock","13":"taxable","14":"shipping-taxable","15":"purchasable","16":"product-type-simple"},"_links":{"self":[{"href":"https:\/\/hantom.ch\/fr\/wp-json\/wp\/v2\/product\/102066","targetHints":{"allow":["GET"]}}],"collection":[{"href":"https:\/\/hantom.ch\/fr\/wp-json\/wp\/v2\/product"}],"about":[{"href":"https:\/\/hantom.ch\/fr\/wp-json\/wp\/v2\/types\/product"}],"wp:featuredmedia":[{"embeddable":true,"href":"https:\/\/hantom.ch\/fr\/wp-json\/wp\/v2\/media\/59513"}],"wp:attachment":[{"href":"https:\/\/hantom.ch\/fr\/wp-json\/wp\/v2\/media?parent=102066"}],"wp:term":[{"taxonomy":"product_brand","embeddable":true,"href":"https:\/\/hantom.ch\/fr\/wp-json\/wp\/v2\/product_brand?post=102066"},{"taxonomy":"product_cat","embeddable":true,"href":"https:\/\/hantom.ch\/fr\/wp-json\/wp\/v2\/product_cat?post=102066"},{"taxonomy":"product_tag","embeddable":true,"href":"https:\/\/hantom.ch\/fr\/wp-json\/wp\/v2\/product_tag?post=102066"}],"curies":[{"name":"wp","href":"https:\/\/api.w.org\/{rel}","templated":true}]}}