{"id":102067,"date":"2026-04-16T03:46:31","date_gmt":"2026-04-16T01:46:31","guid":{"rendered":"https:\/\/hantom.ch\/product\/e0502141-prise-de-courant-tt-silicone-630a-contb630-24l95-25-95mm2-interface-c-3\/"},"modified":"2025-04-23T08:45:22","modified_gmt":"2025-04-23T06:45:22","slug":"e0502141-prise-de-courant-tt-silicone-630a-contb630-24l95-25-95mm2-interface-c-3","status":"publish","type":"product","link":"https:\/\/hantom.ch\/fr\/produit\/e0502141-prise-de-courant-tt-silicone-630a-contb630-24l95-25-95mm2-interface-c-3\/","title":{"rendered":"E0502141 &#8211; Prise de courant TT silicone 630A CONTB630-24L95 \/ 25-95mm2 \/ Interface C (3)"},"content":{"rendered":"<p>Prise de courant d&apos;accouplement TT silicone &#8211; 24kV &#8211; 630A<br \/>Avec cosse \u00e0 visser, Adapter<br \/>Plage de sections 25-95mm2 AL ou Cu, c\u00e2ble avec \u00e9cran \u00e0 fils<br \/>\u00d8 Isolation min. 12.7-25.2 mm<br \/>Set \u00e0 3 pi\u00e8ces<\/p>\n","protected":false},"excerpt":{"rendered":"<p>Prise de courant d&apos;accouplement TT silicone &#8211; 24kV &#8211; 630AAvec cosse \u00e0 visser, AdapterPlage de sections 25-95mm2 AL ou Cu, c\u00e2ble avec \u00e9cran \u00e0 fils\u00d8 Isolation min. 12.7-25.2 mmSet \u00e0 3 pi\u00e8ces<\/p>\n","protected":false},"featured_media":59368,"template":"","meta":[],"product_brand":[],"product_cat":[1065,1167,1175,1177],"product_tag":[],"class_list":{"0":"post-102067","1":"product","2":"type-product","3":"status-publish","4":"has-post-thumbnail","6":"product_cat-e-fr","7":"product_cat-e05-fr","8":"product_cat-e0502-fr","9":"product_cat-e05021-fr","11":"first","12":"instock","13":"taxable","14":"shipping-taxable","15":"purchasable","16":"product-type-simple"},"_links":{"self":[{"href":"https:\/\/hantom.ch\/fr\/wp-json\/wp\/v2\/product\/102067","targetHints":{"allow":["GET"]}}],"collection":[{"href":"https:\/\/hantom.ch\/fr\/wp-json\/wp\/v2\/product"}],"about":[{"href":"https:\/\/hantom.ch\/fr\/wp-json\/wp\/v2\/types\/product"}],"wp:featuredmedia":[{"embeddable":true,"href":"https:\/\/hantom.ch\/fr\/wp-json\/wp\/v2\/media\/59368"}],"wp:attachment":[{"href":"https:\/\/hantom.ch\/fr\/wp-json\/wp\/v2\/media?parent=102067"}],"wp:term":[{"taxonomy":"product_brand","embeddable":true,"href":"https:\/\/hantom.ch\/fr\/wp-json\/wp\/v2\/product_brand?post=102067"},{"taxonomy":"product_cat","embeddable":true,"href":"https:\/\/hantom.ch\/fr\/wp-json\/wp\/v2\/product_cat?post=102067"},{"taxonomy":"product_tag","embeddable":true,"href":"https:\/\/hantom.ch\/fr\/wp-json\/wp\/v2\/product_tag?post=102067"}],"curies":[{"name":"wp","href":"https:\/\/api.w.org\/{rel}","templated":true}]}}