{"id":102073,"date":"2026-04-16T03:46:40","date_gmt":"2026-04-16T01:46:40","guid":{"rendered":"https:\/\/hantom.ch\/product\/e0502409-prise-de-courant-t-compact-24-kv-630-1250-a-amv-c-k480tbgc-21-sn-095-300s3\/"},"modified":"2025-04-23T08:45:24","modified_gmt":"2025-04-23T06:45:24","slug":"e0502409-prise-de-courant-t-compact-24-kv-630-1250-a-amv-c-k480tbgc-21-sn-095-300s3","status":"publish","type":"product","link":"https:\/\/hantom.ch\/fr\/produit\/e0502409-prise-de-courant-t-compact-24-kv-630-1250-a-amv-c-k480tbgc-21-sn-095-300s3\/","title":{"rendered":"E0502409 &#8211; Prise de courant T compact  24 kV &#8211; 630 (1250) A AMV-C-K480TBGC-21\/SN\/095-300S(3)"},"content":{"rendered":"<p>Prise de courant T compact  24 kV &#8211; 630 (1250) A<br \/>C\u00f4ne ext\u00e9rieur type C avec cosse \u00e0 visser, Adapter CA0<br \/>Contact vis et \u00e9crous, plage de sections 95 &#8211; 300 mm2 Al ou Cu<br \/>\u00d8 Isolation min. 22.0 &#8211; 34.6 mm<br \/>Set \u00e0 3 pi\u00e8ces<\/p>\n","protected":false},"excerpt":{"rendered":"<p>Prise de courant T compact 24 kV &#8211; 630 (1250) AC\u00f4ne ext\u00e9rieur type C avec cosse \u00e0 visser, Adapter CA0Contact vis et \u00e9crous, plage de sections 95 &#8211; 300 mm2 Al ou Cu\u00d8 Isolation min. 22.0 &#8211; 34.6 mmSet \u00e0 3 pi\u00e8ces<\/p>\n","protected":false},"featured_media":45124,"template":"","meta":[],"product_brand":[],"product_cat":[1065,1167,1175,1180],"product_tag":[],"class_list":{"0":"post-102073","1":"product","2":"type-product","3":"status-publish","4":"has-post-thumbnail","6":"product_cat-e-fr","7":"product_cat-e05-fr","8":"product_cat-e0502-fr","9":"product_cat-e05024-fr","11":"first","12":"instock","13":"taxable","14":"shipping-taxable","15":"purchasable","16":"product-type-simple"},"_links":{"self":[{"href":"https:\/\/hantom.ch\/fr\/wp-json\/wp\/v2\/product\/102073","targetHints":{"allow":["GET"]}}],"collection":[{"href":"https:\/\/hantom.ch\/fr\/wp-json\/wp\/v2\/product"}],"about":[{"href":"https:\/\/hantom.ch\/fr\/wp-json\/wp\/v2\/types\/product"}],"wp:featuredmedia":[{"embeddable":true,"href":"https:\/\/hantom.ch\/fr\/wp-json\/wp\/v2\/media\/45124"}],"wp:attachment":[{"href":"https:\/\/hantom.ch\/fr\/wp-json\/wp\/v2\/media?parent=102073"}],"wp:term":[{"taxonomy":"product_brand","embeddable":true,"href":"https:\/\/hantom.ch\/fr\/wp-json\/wp\/v2\/product_brand?post=102073"},{"taxonomy":"product_cat","embeddable":true,"href":"https:\/\/hantom.ch\/fr\/wp-json\/wp\/v2\/product_cat?post=102073"},{"taxonomy":"product_tag","embeddable":true,"href":"https:\/\/hantom.ch\/fr\/wp-json\/wp\/v2\/product_tag?post=102073"}],"curies":[{"name":"wp","href":"https:\/\/api.w.org\/{rel}","templated":true}]}}