{"id":102074,"date":"2026-04-16T03:46:42","date_gmt":"2026-04-16T01:46:42","guid":{"rendered":"https:\/\/hantom.ch\/product\/e0502414-prise-de-courant-t-compact-24-kv-1250-a-amv-c-k484tbgc-32-400-500s3\/"},"modified":"2025-04-23T08:45:24","modified_gmt":"2025-04-23T06:45:24","slug":"e0502414-prise-de-courant-t-compact-24-kv-1250-a-amv-c-k484tbgc-32-400-500s3","status":"publish","type":"product","link":"https:\/\/hantom.ch\/fr\/produit\/e0502414-prise-de-courant-t-compact-24-kv-1250-a-amv-c-k484tbgc-32-400-500s3\/","title":{"rendered":"E0502414 &#8211; Prise de courant T compact  24 kV &#8211; 1250 A AMV-C-K484TBGC-32\/400-500S(3)"},"content":{"rendered":"<p>Prise de courant T compact  24 kV &#8211; 1250 A<br \/>Interface C avec contact \u00e0 visser 400 &#8211; 500 mm2<br \/>pour conducteur Al et Cu<br \/>pour c\u00e2ble XKDT<br \/>d Isolation: 34.0 &#8211; 42.5mm<br \/>Set \u00e0 3 pi\u00e8ces<\/p>\n","protected":false},"excerpt":{"rendered":"<p>Prise de courant T compact 24 kV &#8211; 1250 AInterface C avec contact \u00e0 visser 400 &#8211; 500 mm2pour conducteur Al et Cupour c\u00e2ble XKDTd Isolation: 34.0 &#8211; 42.5mmSet \u00e0 3 pi\u00e8ces<\/p>\n","protected":false},"featured_media":32401,"template":"","meta":[],"product_brand":[],"product_cat":[1065,1167,1175,1180],"product_tag":[],"class_list":{"0":"post-102074","1":"product","2":"type-product","3":"status-publish","4":"has-post-thumbnail","6":"product_cat-e-fr","7":"product_cat-e05-fr","8":"product_cat-e0502-fr","9":"product_cat-e05024-fr","11":"first","12":"instock","13":"taxable","14":"shipping-taxable","15":"purchasable","16":"product-type-simple"},"_links":{"self":[{"href":"https:\/\/hantom.ch\/fr\/wp-json\/wp\/v2\/product\/102074","targetHints":{"allow":["GET"]}}],"collection":[{"href":"https:\/\/hantom.ch\/fr\/wp-json\/wp\/v2\/product"}],"about":[{"href":"https:\/\/hantom.ch\/fr\/wp-json\/wp\/v2\/types\/product"}],"wp:featuredmedia":[{"embeddable":true,"href":"https:\/\/hantom.ch\/fr\/wp-json\/wp\/v2\/media\/32401"}],"wp:attachment":[{"href":"https:\/\/hantom.ch\/fr\/wp-json\/wp\/v2\/media?parent=102074"}],"wp:term":[{"taxonomy":"product_brand","embeddable":true,"href":"https:\/\/hantom.ch\/fr\/wp-json\/wp\/v2\/product_brand?post=102074"},{"taxonomy":"product_cat","embeddable":true,"href":"https:\/\/hantom.ch\/fr\/wp-json\/wp\/v2\/product_cat?post=102074"},{"taxonomy":"product_tag","embeddable":true,"href":"https:\/\/hantom.ch\/fr\/wp-json\/wp\/v2\/product_tag?post=102074"}],"curies":[{"name":"wp","href":"https:\/\/api.w.org\/{rel}","templated":true}]}}