{"id":102076,"date":"2026-04-22T04:01:36","date_gmt":"2026-04-22T02:01:36","guid":{"rendered":"https:\/\/hantom.ch\/product\/e0502505-prise-de-courant-t-24-kv-1250-a-amv-c-k440tbg-32-400-500s-3-attention-seul-400mm2\/"},"modified":"2025-04-23T08:45:25","modified_gmt":"2025-04-23T06:45:25","slug":"e0502505-prise-de-courant-t-24-kv-1250-a-amv-c-k440tbg-32-400-500s-3-attention-seul-400mm2","status":"publish","type":"product","link":"https:\/\/hantom.ch\/fr\/produit\/e0502505-prise-de-courant-t-24-kv-1250-a-amv-c-k440tbg-32-400-500s-3-attention-seul-400mm2\/","title":{"rendered":"E0502505 &#8211; Prise de courant T &#8211; 24 kV  &#8211; 1250 A AMV-C-K440TBG-32\/400-500S (3) Attention seul. 400mm2"},"content":{"rendered":"<p>Interface C avec contact \u00e0 visser 400-500 mm2 pour<br \/>conducteur Cu und Al &#8211; d Isolation : 34.0 &#8211; 42.5 mm<br \/>Set \u00e0 3 pi\u00e8ces<\/p>\n","protected":false},"excerpt":{"rendered":"<p>Interface C avec contact \u00e0 visser 400-500 mm2 pourconducteur Cu und Al &#8211; d Isolation : 34.0 &#8211; 42.5 mmSet \u00e0 3 pi\u00e8ces<\/p>\n","protected":false},"featured_media":52476,"template":"","meta":[],"product_brand":[],"product_cat":[1065,1167,1175,1181],"product_tag":[],"class_list":{"0":"post-102076","1":"product","2":"type-product","3":"status-publish","4":"has-post-thumbnail","6":"product_cat-e-fr","7":"product_cat-e05-fr","8":"product_cat-e0502-fr","9":"product_cat-e05025-fr","11":"first","12":"instock","13":"taxable","14":"shipping-taxable","15":"purchasable","16":"product-type-simple"},"_links":{"self":[{"href":"https:\/\/hantom.ch\/fr\/wp-json\/wp\/v2\/product\/102076","targetHints":{"allow":["GET"]}}],"collection":[{"href":"https:\/\/hantom.ch\/fr\/wp-json\/wp\/v2\/product"}],"about":[{"href":"https:\/\/hantom.ch\/fr\/wp-json\/wp\/v2\/types\/product"}],"wp:featuredmedia":[{"embeddable":true,"href":"https:\/\/hantom.ch\/fr\/wp-json\/wp\/v2\/media\/52476"}],"wp:attachment":[{"href":"https:\/\/hantom.ch\/fr\/wp-json\/wp\/v2\/media?parent=102076"}],"wp:term":[{"taxonomy":"product_brand","embeddable":true,"href":"https:\/\/hantom.ch\/fr\/wp-json\/wp\/v2\/product_brand?post=102076"},{"taxonomy":"product_cat","embeddable":true,"href":"https:\/\/hantom.ch\/fr\/wp-json\/wp\/v2\/product_cat?post=102076"},{"taxonomy":"product_tag","embeddable":true,"href":"https:\/\/hantom.ch\/fr\/wp-json\/wp\/v2\/product_tag?post=102076"}],"curies":[{"name":"wp","href":"https:\/\/api.w.org\/{rel}","templated":true}]}}