{"id":102078,"date":"2026-04-16T03:46:49","date_gmt":"2026-04-16T01:46:49","guid":{"rendered":"https:\/\/hantom.ch\/product\/e0502605-prise-de-courant-tt-24-kv-630-1250-a-amv-c-k804pbg-32-400-500s3\/"},"modified":"2025-04-23T08:45:25","modified_gmt":"2025-04-23T06:45:25","slug":"e0502605-prise-de-courant-tt-24-kv-630-1250-a-amv-c-k804pbg-32-400-500s3","status":"publish","type":"product","link":"https:\/\/hantom.ch\/fr\/produit\/e0502605-prise-de-courant-tt-24-kv-630-1250-a-amv-c-k804pbg-32-400-500s3\/","title":{"rendered":"E0502605 &#8211; Prise de courant TT  24 kV &#8211; 630 (1250) A AMV-C-K804PBG-32\/400-500S(3)"},"content":{"rendered":"<p>Interface C avec contact \u00e0 visser 400-500mm2<br \/>pour conducteur Al et Cu<br \/>d Isolation: 34.0-42.5 mm<br \/>Set \u00e0 3 pi\u00e8ces<\/p>\n","protected":false},"excerpt":{"rendered":"<p>Interface C avec contact \u00e0 visser 400-500mm2pour conducteur Al et Cud Isolation: 34.0-42.5 mmSet \u00e0 3 pi\u00e8ces<\/p>\n","protected":false},"featured_media":32587,"template":"","meta":[],"product_brand":[],"product_cat":[1065,1167,1175,1182],"product_tag":[],"class_list":{"0":"post-102078","1":"product","2":"type-product","3":"status-publish","4":"has-post-thumbnail","6":"product_cat-e-fr","7":"product_cat-e05-fr","8":"product_cat-e0502-fr","9":"product_cat-e05026-fr","11":"first","12":"instock","13":"taxable","14":"shipping-taxable","15":"purchasable","16":"product-type-simple"},"_links":{"self":[{"href":"https:\/\/hantom.ch\/fr\/wp-json\/wp\/v2\/product\/102078","targetHints":{"allow":["GET"]}}],"collection":[{"href":"https:\/\/hantom.ch\/fr\/wp-json\/wp\/v2\/product"}],"about":[{"href":"https:\/\/hantom.ch\/fr\/wp-json\/wp\/v2\/types\/product"}],"wp:featuredmedia":[{"embeddable":true,"href":"https:\/\/hantom.ch\/fr\/wp-json\/wp\/v2\/media\/32587"}],"wp:attachment":[{"href":"https:\/\/hantom.ch\/fr\/wp-json\/wp\/v2\/media?parent=102078"}],"wp:term":[{"taxonomy":"product_brand","embeddable":true,"href":"https:\/\/hantom.ch\/fr\/wp-json\/wp\/v2\/product_brand?post=102078"},{"taxonomy":"product_cat","embeddable":true,"href":"https:\/\/hantom.ch\/fr\/wp-json\/wp\/v2\/product_cat?post=102078"},{"taxonomy":"product_tag","embeddable":true,"href":"https:\/\/hantom.ch\/fr\/wp-json\/wp\/v2\/product_tag?post=102078"}],"curies":[{"name":"wp","href":"https:\/\/api.w.org\/{rel}","templated":true}]}}