{"id":102080,"date":"2026-04-22T04:01:44","date_gmt":"2026-04-22T02:01:44","guid":{"rendered":"https:\/\/hantom.ch\/product\/e0502701-prise-de-courant-tt-24-kv-1250-a-amv-c-k800pbg-15-025-095s3\/"},"modified":"2025-04-23T08:45:26","modified_gmt":"2025-04-23T06:45:26","slug":"e0502701-prise-de-courant-tt-24-kv-1250-a-amv-c-k800pbg-15-025-095s3","status":"publish","type":"product","link":"https:\/\/hantom.ch\/fr\/produit\/e0502701-prise-de-courant-tt-24-kv-1250-a-amv-c-k800pbg-15-025-095s3\/","title":{"rendered":"E0502701 &#8211; Prise de courant TT  24 kV &#8211; 1250 A AMV-C-K800PBG-15\/025-095S(3)"},"content":{"rendered":"<p>Interface C avec contact \u00e0 visser 25 &#8211; 95 mm2<br \/>pour conducteur Al et Cu<br \/>d Isolation: 16.0 &#8211; 26.5 mm<br \/>Set \u00e0 3 pi\u00e8ces<\/p>\n","protected":false},"excerpt":{"rendered":"<p>Interface C avec contact \u00e0 visser 25 &#8211; 95 mm2pour conducteur Al et Cud Isolation: 16.0 &#8211; 26.5 mmSet \u00e0 3 pi\u00e8ces<\/p>\n","protected":false},"featured_media":32681,"template":"","meta":[],"product_brand":[],"product_cat":[1065,1167,1175,1183],"product_tag":[],"class_list":{"0":"post-102080","1":"product","2":"type-product","3":"status-publish","4":"has-post-thumbnail","6":"product_cat-e-fr","7":"product_cat-e05-fr","8":"product_cat-e0502-fr","9":"product_cat-e05027-fr","11":"first","12":"instock","13":"taxable","14":"shipping-taxable","15":"purchasable","16":"product-type-simple"},"_links":{"self":[{"href":"https:\/\/hantom.ch\/fr\/wp-json\/wp\/v2\/product\/102080","targetHints":{"allow":["GET"]}}],"collection":[{"href":"https:\/\/hantom.ch\/fr\/wp-json\/wp\/v2\/product"}],"about":[{"href":"https:\/\/hantom.ch\/fr\/wp-json\/wp\/v2\/types\/product"}],"wp:featuredmedia":[{"embeddable":true,"href":"https:\/\/hantom.ch\/fr\/wp-json\/wp\/v2\/media\/32681"}],"wp:attachment":[{"href":"https:\/\/hantom.ch\/fr\/wp-json\/wp\/v2\/media?parent=102080"}],"wp:term":[{"taxonomy":"product_brand","embeddable":true,"href":"https:\/\/hantom.ch\/fr\/wp-json\/wp\/v2\/product_brand?post=102080"},{"taxonomy":"product_cat","embeddable":true,"href":"https:\/\/hantom.ch\/fr\/wp-json\/wp\/v2\/product_cat?post=102080"},{"taxonomy":"product_tag","embeddable":true,"href":"https:\/\/hantom.ch\/fr\/wp-json\/wp\/v2\/product_tag?post=102080"}],"curies":[{"name":"wp","href":"https:\/\/api.w.org\/{rel}","templated":true}]}}