{"id":102082,"date":"2026-04-16T03:46:56","date_gmt":"2026-04-16T01:46:56","guid":{"rendered":"https:\/\/hantom.ch\/product\/e0502801-capuchon-de-fermeture-resistant-a-la-tension-24-kv-amv-c-k400dr-bg1\/"},"modified":"2025-04-23T08:45:27","modified_gmt":"2025-04-23T06:45:27","slug":"e0502801-capuchon-de-fermeture-resistant-a-la-tension-24-kv-amv-c-k400dr-bg1","status":"publish","type":"product","link":"https:\/\/hantom.ch\/fr\/produit\/e0502801-capuchon-de-fermeture-resistant-a-la-tension-24-kv-amv-c-k400dr-bg1\/","title":{"rendered":"E0502801 &#8211; Capuchon de fermeture r\u00e9sistant \u00e0 la tension &#8211; 24 kV AMV-C-K400DR-BG(1)"},"content":{"rendered":"<p>Capuchon de fermeture r\u00e9sistant \u00e0 la tension 24 kV pour interface C<br \/>&#10;avec contact \u00e0 visser<br \/>&#10;Unit\u00e9 : 1 pi\u00e8ce<\/p>\n","protected":false},"excerpt":{"rendered":"<p>Capuchon de fermeture r\u00e9sistant \u00e0 la tension 24 kV pour interface C&#10;avec contact \u00e0 visser&#10;Unit\u00e9 : 1 pi\u00e8ce<\/p>\n","protected":false},"featured_media":0,"template":"","meta":[],"product_brand":[],"product_cat":[1065,1167,1175,1184],"product_tag":[],"class_list":{"0":"post-102082","1":"product","2":"type-product","3":"status-publish","5":"product_cat-e-fr","6":"product_cat-e05-fr","7":"product_cat-e0502-fr","8":"product_cat-e05028-fr","10":"first","11":"instock","12":"taxable","13":"shipping-taxable","14":"purchasable","15":"product-type-simple"},"_links":{"self":[{"href":"https:\/\/hantom.ch\/fr\/wp-json\/wp\/v2\/product\/102082","targetHints":{"allow":["GET"]}}],"collection":[{"href":"https:\/\/hantom.ch\/fr\/wp-json\/wp\/v2\/product"}],"about":[{"href":"https:\/\/hantom.ch\/fr\/wp-json\/wp\/v2\/types\/product"}],"wp:attachment":[{"href":"https:\/\/hantom.ch\/fr\/wp-json\/wp\/v2\/media?parent=102082"}],"wp:term":[{"taxonomy":"product_brand","embeddable":true,"href":"https:\/\/hantom.ch\/fr\/wp-json\/wp\/v2\/product_brand?post=102082"},{"taxonomy":"product_cat","embeddable":true,"href":"https:\/\/hantom.ch\/fr\/wp-json\/wp\/v2\/product_cat?post=102082"},{"taxonomy":"product_tag","embeddable":true,"href":"https:\/\/hantom.ch\/fr\/wp-json\/wp\/v2\/product_tag?post=102082"}],"curies":[{"name":"wp","href":"https:\/\/api.w.org\/{rel}","templated":true}]}}