{"id":102087,"date":"2026-04-27T03:45:52","date_gmt":"2026-04-27T01:45:52","guid":{"rendered":"https:\/\/hantom.ch\/product\/e0504103-parafoudre-compact-amv-c-300sa10-223\/"},"modified":"2025-04-23T08:45:28","modified_gmt":"2025-04-23T06:45:28","slug":"e0504103-parafoudre-compact-amv-c-300sa10-223","status":"publish","type":"product","link":"https:\/\/hantom.ch\/fr\/produit\/e0504103-parafoudre-compact-amv-c-300sa10-223\/","title":{"rendered":"E0504103 &#8211; Parafoudre compact AMV-C-300SA10\/22(3)"},"content":{"rendered":"<p>Parafoudre compact appropri\u00e9 \u00e0 AMV-C-430TB et<br \/>434TB &#8211; UC : 17.6kV &#8211; UR : 22.0kV &#8211; In : 10.0kA<br \/>Set de 3 pi\u00e8ces<\/p>\n","protected":false},"excerpt":{"rendered":"<p>Parafoudre compact appropri\u00e9 \u00e0 AMV-C-430TB et434TB &#8211; UC : 17.6kV &#8211; UR : 22.0kV &#8211; In : 10.0kASet de 3 pi\u00e8ces<\/p>\n","protected":false},"featured_media":33105,"template":"","meta":[],"product_brand":[],"product_cat":[1065,1167,1188,1190],"product_tag":[],"class_list":{"0":"post-102087","1":"product","2":"type-product","3":"status-publish","4":"has-post-thumbnail","6":"product_cat-e-fr","7":"product_cat-e05-fr","8":"product_cat-e0504-fr","9":"product_cat-e05041-fr","11":"first","12":"instock","13":"taxable","14":"shipping-taxable","15":"purchasable","16":"product-type-simple"},"_links":{"self":[{"href":"https:\/\/hantom.ch\/fr\/wp-json\/wp\/v2\/product\/102087","targetHints":{"allow":["GET"]}}],"collection":[{"href":"https:\/\/hantom.ch\/fr\/wp-json\/wp\/v2\/product"}],"about":[{"href":"https:\/\/hantom.ch\/fr\/wp-json\/wp\/v2\/types\/product"}],"wp:featuredmedia":[{"embeddable":true,"href":"https:\/\/hantom.ch\/fr\/wp-json\/wp\/v2\/media\/33105"}],"wp:attachment":[{"href":"https:\/\/hantom.ch\/fr\/wp-json\/wp\/v2\/media?parent=102087"}],"wp:term":[{"taxonomy":"product_brand","embeddable":true,"href":"https:\/\/hantom.ch\/fr\/wp-json\/wp\/v2\/product_brand?post=102087"},{"taxonomy":"product_cat","embeddable":true,"href":"https:\/\/hantom.ch\/fr\/wp-json\/wp\/v2\/product_cat?post=102087"},{"taxonomy":"product_tag","embeddable":true,"href":"https:\/\/hantom.ch\/fr\/wp-json\/wp\/v2\/product_tag?post=102087"}],"curies":[{"name":"wp","href":"https:\/\/api.w.org\/{rel}","templated":true}]}}