{"id":102094,"date":"2026-05-12T04:15:28","date_gmt":"2026-05-12T02:15:28","guid":{"rendered":"https:\/\/hantom.ch\/product\/e0504202-parafoudre-parafoudre-ur-25-0-kv-uc-20-0-kv\/"},"modified":"2025-04-23T08:45:30","modified_gmt":"2025-04-23T06:45:30","slug":"e0504202-parafoudre-parafoudre-ur-25-0-kv-uc-20-0-kv","status":"publish","type":"product","link":"https:\/\/hantom.ch\/fr\/produit\/e0504202-parafoudre-parafoudre-ur-25-0-kv-uc-20-0-kv\/","title":{"rendered":"E0504202 &#8211; Parafoudre Parafoudre Ur 25.0 kV \/ Uc 20.0 kV"},"content":{"rendered":"<p>MUT24 sans encapsulage m\u00e9tallique(3)<br \/>Parafoudre MUT23 sans encapsulage m\u00e9tallique (S\u00fcdkabel MCOV=20.0 kV)<br \/>Tension assign\u00e9e Ur= 25.0kV<br \/>Unit\u00e9 : 1 set \u00e0 3 pi\u00e8ces<\/p>\n","protected":false},"excerpt":{"rendered":"<p>MUT24 sans encapsulage m\u00e9tallique(3)Parafoudre MUT23 sans encapsulage m\u00e9tallique (S\u00fcdkabel MCOV=20.0 kV)Tension assign\u00e9e Ur= 25.0kVUnit\u00e9 : 1 set \u00e0 3 pi\u00e8ces<\/p>\n","protected":false},"featured_media":59059,"template":"","meta":[],"product_brand":[],"product_cat":[1065,1167,1188,1191],"product_tag":[],"class_list":{"0":"post-102094","1":"product","2":"type-product","3":"status-publish","4":"has-post-thumbnail","6":"product_cat-e-fr","7":"product_cat-e05-fr","8":"product_cat-e0504-fr","9":"product_cat-e05042-fr","11":"first","12":"instock","13":"taxable","14":"shipping-taxable","15":"purchasable","16":"product-type-simple"},"_links":{"self":[{"href":"https:\/\/hantom.ch\/fr\/wp-json\/wp\/v2\/product\/102094","targetHints":{"allow":["GET"]}}],"collection":[{"href":"https:\/\/hantom.ch\/fr\/wp-json\/wp\/v2\/product"}],"about":[{"href":"https:\/\/hantom.ch\/fr\/wp-json\/wp\/v2\/types\/product"}],"wp:featuredmedia":[{"embeddable":true,"href":"https:\/\/hantom.ch\/fr\/wp-json\/wp\/v2\/media\/59059"}],"wp:attachment":[{"href":"https:\/\/hantom.ch\/fr\/wp-json\/wp\/v2\/media?parent=102094"}],"wp:term":[{"taxonomy":"product_brand","embeddable":true,"href":"https:\/\/hantom.ch\/fr\/wp-json\/wp\/v2\/product_brand?post=102094"},{"taxonomy":"product_cat","embeddable":true,"href":"https:\/\/hantom.ch\/fr\/wp-json\/wp\/v2\/product_cat?post=102094"},{"taxonomy":"product_tag","embeddable":true,"href":"https:\/\/hantom.ch\/fr\/wp-json\/wp\/v2\/product_tag?post=102094"}],"curies":[{"name":"wp","href":"https:\/\/api.w.org\/{rel}","templated":true}]}}