{"id":102101,"date":"2026-04-21T03:31:58","date_gmt":"2026-04-21T01:31:58","guid":{"rendered":"https:\/\/hantom.ch\/product\/e0505003-extremite-retractable-a-froid-interieure-24k-amv-i-itk24-2-95-240sm163\/"},"modified":"2025-04-23T08:45:32","modified_gmt":"2025-04-23T06:45:32","slug":"e0505003-extremite-retractable-a-froid-interieure-24k-amv-i-itk24-2-95-240sm163","status":"publish","type":"product","link":"https:\/\/hantom.ch\/fr\/produit\/e0505003-extremite-retractable-a-froid-interieure-24k-amv-i-itk24-2-95-240sm163\/","title":{"rendered":"E0505003 &#8211; Extr\u00e9mit\u00e9 r\u00e9tractable \u00e0 froid int\u00e9rieure &#8211; 24k AMV-I-ITK24.2\/95-240SM16(3)"},"content":{"rendered":"<p>Extr\u00e9mit\u00e9 r\u00e9tractable \u00e0 froid int\u00e9rieure &#8211; 24kV<br \/>avec cosse \u00e0 visser 95&#8230;240mm2 M16 pour<br \/>conducteur Cu ou Al<br \/>d isolation : 14.0&#8230;33.0mm &#8211; pour c\u00e2bles XKDT &#8211; Set de 3 pi\u00e8ces<\/p>\n","protected":false},"excerpt":{"rendered":"<p>Extr\u00e9mit\u00e9 r\u00e9tractable \u00e0 froid int\u00e9rieure &#8211; 24kVavec cosse \u00e0 visser 95&#8230;240mm2 M16 pourconducteur Cu ou Ald isolation : 14.0&#8230;33.0mm &#8211; pour c\u00e2bles XKDT &#8211; Set de 3 pi\u00e8ces<\/p>\n","protected":false},"featured_media":75140,"template":"","meta":[],"product_brand":[],"product_cat":[1065,1193,1194,1167],"product_tag":[],"class_list":{"0":"post-102101","1":"product","2":"type-product","3":"status-publish","4":"has-post-thumbnail","6":"product_cat-e-fr","7":"product_cat-e0505-fr","8":"product_cat-e05050-fr","9":"product_cat-e05-fr","11":"first","12":"instock","13":"taxable","14":"shipping-taxable","15":"purchasable","16":"product-type-simple"},"_links":{"self":[{"href":"https:\/\/hantom.ch\/fr\/wp-json\/wp\/v2\/product\/102101","targetHints":{"allow":["GET"]}}],"collection":[{"href":"https:\/\/hantom.ch\/fr\/wp-json\/wp\/v2\/product"}],"about":[{"href":"https:\/\/hantom.ch\/fr\/wp-json\/wp\/v2\/types\/product"}],"wp:featuredmedia":[{"embeddable":true,"href":"https:\/\/hantom.ch\/fr\/wp-json\/wp\/v2\/media\/75140"}],"wp:attachment":[{"href":"https:\/\/hantom.ch\/fr\/wp-json\/wp\/v2\/media?parent=102101"}],"wp:term":[{"taxonomy":"product_brand","embeddable":true,"href":"https:\/\/hantom.ch\/fr\/wp-json\/wp\/v2\/product_brand?post=102101"},{"taxonomy":"product_cat","embeddable":true,"href":"https:\/\/hantom.ch\/fr\/wp-json\/wp\/v2\/product_cat?post=102101"},{"taxonomy":"product_tag","embeddable":true,"href":"https:\/\/hantom.ch\/fr\/wp-json\/wp\/v2\/product_tag?post=102101"}],"curies":[{"name":"wp","href":"https:\/\/api.w.org\/{rel}","templated":true}]}}