{"id":102111,"date":"2026-05-05T04:01:30","date_gmt":"2026-05-05T02:01:30","guid":{"rendered":"https:\/\/hantom.ch\/product\/e0505113-extremite-retractable-a-froid-interieur-12-24kv-1-conducteur-185-300mm2-3-1-sans-cosse-a-visser\/"},"modified":"2025-04-23T08:45:35","modified_gmt":"2025-04-23T06:45:35","slug":"e0505113-extremite-retractable-a-froid-interieur-12-24kv-1-conducteur-185-300mm2-3-1-sans-cosse-a-visser","status":"publish","type":"product","link":"https:\/\/hantom.ch\/fr\/produit\/e0505113-extremite-retractable-a-froid-interieur-12-24kv-1-conducteur-185-300mm2-3-1-sans-cosse-a-visser\/","title":{"rendered":"E0505113 &#8211; Extr\u00e9mit\u00e9 r\u00e9tractable \u00e0 froid \/ int\u00e9rieur 12-24kV 1 conducteur \/ 185-300mm2 \/ 3-1 \/ sans cosse \u00e0 visser"},"content":{"rendered":"","protected":false},"excerpt":{"rendered":"","protected":false},"featured_media":59397,"template":"","meta":[],"product_brand":[],"product_cat":[1065,1195,1193,1167],"product_tag":[],"class_list":{"0":"post-102111","1":"product","2":"type-product","3":"status-publish","4":"has-post-thumbnail","6":"product_cat-e-fr","7":"product_cat-e05051-fr","8":"product_cat-e0505-fr","9":"product_cat-e05-fr","11":"first","12":"instock","13":"taxable","14":"shipping-taxable","15":"purchasable","16":"product-type-simple"},"_links":{"self":[{"href":"https:\/\/hantom.ch\/fr\/wp-json\/wp\/v2\/product\/102111","targetHints":{"allow":["GET"]}}],"collection":[{"href":"https:\/\/hantom.ch\/fr\/wp-json\/wp\/v2\/product"}],"about":[{"href":"https:\/\/hantom.ch\/fr\/wp-json\/wp\/v2\/types\/product"}],"wp:featuredmedia":[{"embeddable":true,"href":"https:\/\/hantom.ch\/fr\/wp-json\/wp\/v2\/media\/59397"}],"wp:attachment":[{"href":"https:\/\/hantom.ch\/fr\/wp-json\/wp\/v2\/media?parent=102111"}],"wp:term":[{"taxonomy":"product_brand","embeddable":true,"href":"https:\/\/hantom.ch\/fr\/wp-json\/wp\/v2\/product_brand?post=102111"},{"taxonomy":"product_cat","embeddable":true,"href":"https:\/\/hantom.ch\/fr\/wp-json\/wp\/v2\/product_cat?post=102111"},{"taxonomy":"product_tag","embeddable":true,"href":"https:\/\/hantom.ch\/fr\/wp-json\/wp\/v2\/product_tag?post=102111"}],"curies":[{"name":"wp","href":"https:\/\/api.w.org\/{rel}","templated":true}]}}