{"id":102127,"date":"2026-05-02T03:46:17","date_gmt":"2026-05-02T01:46:17","guid":{"rendered":"https:\/\/hantom.ch\/product\/e0507004-extremite-retractable-a-froid-avec-boulon-exterieure-24-kv-amv-i-ftk-24-2-50-95sd203\/"},"modified":"2025-04-23T08:45:40","modified_gmt":"2025-04-23T06:45:40","slug":"e0507004-extremite-retractable-a-froid-avec-boulon-exterieure-24-kv-amv-i-ftk-24-2-50-95sd203","status":"publish","type":"product","link":"https:\/\/hantom.ch\/fr\/produit\/e0507004-extremite-retractable-a-froid-avec-boulon-exterieure-24-kv-amv-i-ftk-24-2-50-95sd203\/","title":{"rendered":"E0507004 &#8211; Extr\u00e9mit\u00e9 r\u00e9tractable \u00e0 froid avec boulon \/ ext\u00e9rieure 24 kV AMV-I-FTK 24.2\/50-95SD20(3)"},"content":{"rendered":"<p>Extr\u00e9mit\u00e9 r\u00e9tractable \u00e0 froid \/ ext\u00e9rieure 24 kV<br \/>pour c\u00e2ble polym\u00e8re XKDT<br \/>Cu &#038; Alu 50-95 mm2<br \/>avec boulon de raccordement \u00e0 visser 50-95 mm2 D20<br \/>Set \u00e0 3 pi\u00e8ces<\/p>\n","protected":false},"excerpt":{"rendered":"<p>Extr\u00e9mit\u00e9 r\u00e9tractable \u00e0 froid \/ ext\u00e9rieure 24 kVpour c\u00e2ble polym\u00e8re XKDTCu &#038; Alu 50-95 mm2avec boulon de raccordement \u00e0 visser 50-95 mm2 D20Set \u00e0 3 pi\u00e8ces<\/p>\n","protected":false},"featured_media":33110,"template":"","meta":[],"product_brand":[],"product_cat":[1065,1198,1199,1167],"product_tag":[],"class_list":{"0":"post-102127","1":"product","2":"type-product","3":"status-publish","4":"has-post-thumbnail","6":"product_cat-e-fr","7":"product_cat-e0507-fr","8":"product_cat-e05070-fr","9":"product_cat-e05-fr","11":"first","12":"instock","13":"taxable","14":"shipping-taxable","15":"purchasable","16":"product-type-simple"},"_links":{"self":[{"href":"https:\/\/hantom.ch\/fr\/wp-json\/wp\/v2\/product\/102127","targetHints":{"allow":["GET"]}}],"collection":[{"href":"https:\/\/hantom.ch\/fr\/wp-json\/wp\/v2\/product"}],"about":[{"href":"https:\/\/hantom.ch\/fr\/wp-json\/wp\/v2\/types\/product"}],"wp:featuredmedia":[{"embeddable":true,"href":"https:\/\/hantom.ch\/fr\/wp-json\/wp\/v2\/media\/33110"}],"wp:attachment":[{"href":"https:\/\/hantom.ch\/fr\/wp-json\/wp\/v2\/media?parent=102127"}],"wp:term":[{"taxonomy":"product_brand","embeddable":true,"href":"https:\/\/hantom.ch\/fr\/wp-json\/wp\/v2\/product_brand?post=102127"},{"taxonomy":"product_cat","embeddable":true,"href":"https:\/\/hantom.ch\/fr\/wp-json\/wp\/v2\/product_cat?post=102127"},{"taxonomy":"product_tag","embeddable":true,"href":"https:\/\/hantom.ch\/fr\/wp-json\/wp\/v2\/product_tag?post=102127"}],"curies":[{"name":"wp","href":"https:\/\/api.w.org\/{rel}","templated":true}]}}