{"id":102152,"date":"2026-05-02T03:46:50","date_gmt":"2026-05-02T01:46:50","guid":{"rendered":"https:\/\/hantom.ch\/product\/e0507252-extremite-retractable-a-froid-exterieur-12-24kv-3-conducteurs-70-240mm2-3-1-avec-cosse-a-visser\/"},"modified":"2025-04-23T08:45:47","modified_gmt":"2025-04-23T06:45:47","slug":"e0507252-extremite-retractable-a-froid-exterieur-12-24kv-3-conducteurs-70-240mm2-3-1-avec-cosse-a-visser","status":"publish","type":"product","link":"https:\/\/hantom.ch\/fr\/produit\/e0507252-extremite-retractable-a-froid-exterieur-12-24kv-3-conducteurs-70-240mm2-3-1-avec-cosse-a-visser\/","title":{"rendered":"E0507252 &#8211; Extr\u00e9mit\u00e9 r\u00e9tractable \u00e0 froid \/ ext\u00e9rieur 12-24kV 3 conducteurs \/ 70-240mm2 \/ 3-1 \/ avec cosse \u00e0 visser"},"content":{"rendered":"","protected":false},"excerpt":{"rendered":"","protected":false},"featured_media":55674,"template":"","meta":[],"product_brand":[],"product_cat":[1065,1201,1198,1167],"product_tag":[],"class_list":{"0":"post-102152","1":"product","2":"type-product","3":"status-publish","4":"has-post-thumbnail","6":"product_cat-e-fr","7":"product_cat-e05072-fr","8":"product_cat-e0507-fr","9":"product_cat-e05-fr","11":"first","12":"instock","13":"taxable","14":"shipping-taxable","15":"purchasable","16":"product-type-simple"},"_links":{"self":[{"href":"https:\/\/hantom.ch\/fr\/wp-json\/wp\/v2\/product\/102152","targetHints":{"allow":["GET"]}}],"collection":[{"href":"https:\/\/hantom.ch\/fr\/wp-json\/wp\/v2\/product"}],"about":[{"href":"https:\/\/hantom.ch\/fr\/wp-json\/wp\/v2\/types\/product"}],"wp:featuredmedia":[{"embeddable":true,"href":"https:\/\/hantom.ch\/fr\/wp-json\/wp\/v2\/media\/55674"}],"wp:attachment":[{"href":"https:\/\/hantom.ch\/fr\/wp-json\/wp\/v2\/media?parent=102152"}],"wp:term":[{"taxonomy":"product_brand","embeddable":true,"href":"https:\/\/hantom.ch\/fr\/wp-json\/wp\/v2\/product_brand?post=102152"},{"taxonomy":"product_cat","embeddable":true,"href":"https:\/\/hantom.ch\/fr\/wp-json\/wp\/v2\/product_cat?post=102152"},{"taxonomy":"product_tag","embeddable":true,"href":"https:\/\/hantom.ch\/fr\/wp-json\/wp\/v2\/product_tag?post=102152"}],"curies":[{"name":"wp","href":"https:\/\/api.w.org\/{rel}","templated":true}]}}