{"id":102157,"date":"2026-05-12T04:17:18","date_gmt":"2026-05-12T02:17:18","guid":{"rendered":"https:\/\/hantom.ch\/product\/e0508004-extremite-enfilable-interieure-24-kv-amv-j-ain24-3-300-400sm163\/"},"modified":"2025-04-23T08:45:49","modified_gmt":"2025-04-23T06:45:49","slug":"e0508004-extremite-enfilable-interieure-24-kv-amv-j-ain24-3-300-400sm163","status":"publish","type":"product","link":"https:\/\/hantom.ch\/fr\/produit\/e0508004-extremite-enfilable-interieure-24-kv-amv-j-ain24-3-300-400sm163\/","title":{"rendered":"E0508004 &#8211; Extr\u00e9mit\u00e9 enfilable int\u00e9rieure &#8211; 24 kV AMV-J-AIN24.3\/300-400SM16(3)"},"content":{"rendered":"<p>Extr\u00e9mit\u00e9 enfilable int\u00e9rieure &#8211; 24 kV avec cosse <br \/>\u00e0 visser 185-400 mm2 M16 pour conducteurs Cu et Al<br \/>pour c\u00e2ble XKDT<br \/>Set \u00e0 3 pi\u00e8ces<\/p>\n","protected":false},"excerpt":{"rendered":"<p>Extr\u00e9mit\u00e9 enfilable int\u00e9rieure &#8211; 24 kV avec cosse \u00e0 visser 185-400 mm2 M16 pour conducteurs Cu et Alpour c\u00e2ble XKDTSet \u00e0 3 pi\u00e8ces<\/p>\n","protected":false},"featured_media":33445,"template":"","meta":[],"product_brand":[],"product_cat":[1065,1202,1203,1167],"product_tag":[],"class_list":{"0":"post-102157","1":"product","2":"type-product","3":"status-publish","4":"has-post-thumbnail","6":"product_cat-e-fr","7":"product_cat-e0508-fr","8":"product_cat-e05080-fr","9":"product_cat-e05-fr","11":"first","12":"instock","13":"taxable","14":"shipping-taxable","15":"purchasable","16":"product-type-simple"},"_links":{"self":[{"href":"https:\/\/hantom.ch\/fr\/wp-json\/wp\/v2\/product\/102157","targetHints":{"allow":["GET"]}}],"collection":[{"href":"https:\/\/hantom.ch\/fr\/wp-json\/wp\/v2\/product"}],"about":[{"href":"https:\/\/hantom.ch\/fr\/wp-json\/wp\/v2\/types\/product"}],"wp:featuredmedia":[{"embeddable":true,"href":"https:\/\/hantom.ch\/fr\/wp-json\/wp\/v2\/media\/33445"}],"wp:attachment":[{"href":"https:\/\/hantom.ch\/fr\/wp-json\/wp\/v2\/media?parent=102157"}],"wp:term":[{"taxonomy":"product_brand","embeddable":true,"href":"https:\/\/hantom.ch\/fr\/wp-json\/wp\/v2\/product_brand?post=102157"},{"taxonomy":"product_cat","embeddable":true,"href":"https:\/\/hantom.ch\/fr\/wp-json\/wp\/v2\/product_cat?post=102157"},{"taxonomy":"product_tag","embeddable":true,"href":"https:\/\/hantom.ch\/fr\/wp-json\/wp\/v2\/product_tag?post=102157"}],"curies":[{"name":"wp","href":"https:\/\/api.w.org\/{rel}","templated":true}]}}