{"id":102158,"date":"2026-05-12T04:17:20","date_gmt":"2026-05-12T02:17:20","guid":{"rendered":"https:\/\/hantom.ch\/product\/e0508005-extremite-enfilable-interieure-24-kv-amv-j-ain24-1-18-0-23-53\/"},"modified":"2025-04-23T08:45:49","modified_gmt":"2025-04-23T06:45:49","slug":"e0508005-extremite-enfilable-interieure-24-kv-amv-j-ain24-1-18-0-23-53","status":"publish","type":"product","link":"https:\/\/hantom.ch\/fr\/produit\/e0508005-extremite-enfilable-interieure-24-kv-amv-j-ain24-1-18-0-23-53\/","title":{"rendered":"E0508005 &#8211; Extr\u00e9mit\u00e9 enfilable int\u00e9rieure &#8211; 24 kV AMV-J-AIN24.1\/18.0-23.5(3)"},"content":{"rendered":"<p>Extr\u00e9mit\u00e9 enfilable int\u00e9rieure &#8211; 24 kV<br \/>sans cosses \u00e0 visser<br \/>Set \u00e0 3 pi\u00e8ces<\/p>\n","protected":false},"excerpt":{"rendered":"<p>Extr\u00e9mit\u00e9 enfilable int\u00e9rieure &#8211; 24 kVsans cosses \u00e0 visserSet \u00e0 3 pi\u00e8ces<\/p>\n","protected":false},"featured_media":58470,"template":"","meta":[],"product_brand":[],"product_cat":[1065,1202,1203,1167],"product_tag":[],"class_list":{"0":"post-102158","1":"product","2":"type-product","3":"status-publish","4":"has-post-thumbnail","6":"product_cat-e-fr","7":"product_cat-e0508-fr","8":"product_cat-e05080-fr","9":"product_cat-e05-fr","11":"first","12":"instock","13":"taxable","14":"shipping-taxable","15":"purchasable","16":"product-type-simple"},"_links":{"self":[{"href":"https:\/\/hantom.ch\/fr\/wp-json\/wp\/v2\/product\/102158","targetHints":{"allow":["GET"]}}],"collection":[{"href":"https:\/\/hantom.ch\/fr\/wp-json\/wp\/v2\/product"}],"about":[{"href":"https:\/\/hantom.ch\/fr\/wp-json\/wp\/v2\/types\/product"}],"wp:featuredmedia":[{"embeddable":true,"href":"https:\/\/hantom.ch\/fr\/wp-json\/wp\/v2\/media\/58470"}],"wp:attachment":[{"href":"https:\/\/hantom.ch\/fr\/wp-json\/wp\/v2\/media?parent=102158"}],"wp:term":[{"taxonomy":"product_brand","embeddable":true,"href":"https:\/\/hantom.ch\/fr\/wp-json\/wp\/v2\/product_brand?post=102158"},{"taxonomy":"product_cat","embeddable":true,"href":"https:\/\/hantom.ch\/fr\/wp-json\/wp\/v2\/product_cat?post=102158"},{"taxonomy":"product_tag","embeddable":true,"href":"https:\/\/hantom.ch\/fr\/wp-json\/wp\/v2\/product_tag?post=102158"}],"curies":[{"name":"wp","href":"https:\/\/api.w.org\/{rel}","templated":true}]}}