{"id":102165,"date":"2026-05-12T04:30:38","date_gmt":"2026-05-12T02:30:38","guid":{"rendered":"https:\/\/hantom.ch\/product\/e0508101-extremite-enfilable-interieure-silicone-24-kv-typ-sei24-25-70-mm2-3\/"},"modified":"2025-04-23T08:45:51","modified_gmt":"2025-04-23T06:45:51","slug":"e0508101-extremite-enfilable-interieure-silicone-24-kv-typ-sei24-25-70-mm2-3","status":"publish","type":"product","link":"https:\/\/hantom.ch\/fr\/produit\/e0508101-extremite-enfilable-interieure-silicone-24-kv-typ-sei24-25-70-mm2-3\/","title":{"rendered":"e0508101 &#8211; Extr\u00e9mit\u00e9 enfilable int\u00e9rieure silicone &#8211; 24 kV Typ SEI24      25 &#8211; 70 mm2 (3)"},"content":{"rendered":"<p>Extr\u00e9mit\u00e9 enfilable int\u00e9rieure silicone &#8211; 24 kV<br \/>pour raccordement d&apos;un conducteur avec cosse \u00e0 visser hexagonale centr\u00e9e<br \/>pour c\u00e2ble XKDT 25&#8230;70 mm2 Cu et Al<br \/>Isolation conducteur &#8211; D : 15.0 &#8211; 23.5 mm<br \/>Livr\u00e9 sans cosse \u00e0 visser<br \/>Unit\u00e9 : 1 set de 3 pi\u00e8ces<\/p>\n","protected":false},"excerpt":{"rendered":"<p>Extr\u00e9mit\u00e9 enfilable int\u00e9rieure silicone &#8211; 24 kVpour raccordement d&apos;un conducteur avec cosse \u00e0 visser hexagonale centr\u00e9epour c\u00e2ble XKDT 25&#8230;70 mm2 Cu et AlIsolation conducteur &#8211; D : 15.0 &#8211; 23.5 mmLivr\u00e9 sans cosse \u00e0 visserUnit\u00e9 : 1 set de 3 pi\u00e8ces<\/p>\n","protected":false},"featured_media":33463,"template":"","meta":[],"product_brand":[],"product_cat":[1065,1202,1204,1167],"product_tag":[],"class_list":{"0":"post-102165","1":"product","2":"type-product","3":"status-publish","4":"has-post-thumbnail","6":"product_cat-e-fr","7":"product_cat-e0508-fr","8":"product_cat-e05081-fr","9":"product_cat-e05-fr","11":"first","12":"instock","13":"taxable","14":"shipping-taxable","15":"purchasable","16":"product-type-simple"},"_links":{"self":[{"href":"https:\/\/hantom.ch\/fr\/wp-json\/wp\/v2\/product\/102165","targetHints":{"allow":["GET"]}}],"collection":[{"href":"https:\/\/hantom.ch\/fr\/wp-json\/wp\/v2\/product"}],"about":[{"href":"https:\/\/hantom.ch\/fr\/wp-json\/wp\/v2\/types\/product"}],"wp:featuredmedia":[{"embeddable":true,"href":"https:\/\/hantom.ch\/fr\/wp-json\/wp\/v2\/media\/33463"}],"wp:attachment":[{"href":"https:\/\/hantom.ch\/fr\/wp-json\/wp\/v2\/media?parent=102165"}],"wp:term":[{"taxonomy":"product_brand","embeddable":true,"href":"https:\/\/hantom.ch\/fr\/wp-json\/wp\/v2\/product_brand?post=102165"},{"taxonomy":"product_cat","embeddable":true,"href":"https:\/\/hantom.ch\/fr\/wp-json\/wp\/v2\/product_cat?post=102165"},{"taxonomy":"product_tag","embeddable":true,"href":"https:\/\/hantom.ch\/fr\/wp-json\/wp\/v2\/product_tag?post=102165"}],"curies":[{"name":"wp","href":"https:\/\/api.w.org\/{rel}","templated":true}]}}