{"id":102166,"date":"2026-04-05T04:02:27","date_gmt":"2026-04-05T02:02:27","guid":{"rendered":"https:\/\/hantom.ch\/product\/e0508102-extremite-enfilable-interieure-silicone-24-kv-typ-sei24-95-240-mm2-3\/"},"modified":"2025-04-23T08:45:52","modified_gmt":"2025-04-23T06:45:52","slug":"e0508102-extremite-enfilable-interieure-silicone-24-kv-typ-sei24-95-240-mm2-3","status":"publish","type":"product","link":"https:\/\/hantom.ch\/fr\/produit\/e0508102-extremite-enfilable-interieure-silicone-24-kv-typ-sei24-95-240-mm2-3\/","title":{"rendered":"E0508102 &#8211; Extr\u00e9mit\u00e9 enfilable int\u00e9rieure silicone &#8211; 24 kV Typ SEI24    95 &#8211; 240 mm2 (3)"},"content":{"rendered":"<p>Extr\u00e9mit\u00e9 enfilable int\u00e9rieure silicone &#8211; 24 kV<br \/>pour raccordement d&apos;un conducteur avec cosse \u00e0 visser hexagonale centr\u00e9e<br \/>pour c\u00e2ble XKDT 95\u2026..240 mm2 Cu et Al<br \/>Isolation conducteur &#8211; D : 21.5 &#8211; 32.6 mm<br \/>Livr\u00e9 sans cosse \u00e0 visser<br \/>Unit\u00e9 : 1 set de 3 pi\u00e8ces<\/p>\n","protected":false},"excerpt":{"rendered":"<p>Extr\u00e9mit\u00e9 enfilable int\u00e9rieure silicone &#8211; 24 kVpour raccordement d&apos;un conducteur avec cosse \u00e0 visser hexagonale centr\u00e9epour c\u00e2ble XKDT 95\u2026..240 mm2 Cu et AlIsolation conducteur &#8211; D : 21.5 &#8211; 32.6 mmLivr\u00e9 sans cosse \u00e0 visserUnit\u00e9 : 1 set de 3 pi\u00e8ces<\/p>\n","protected":false},"featured_media":32711,"template":"","meta":[],"product_brand":[],"product_cat":[1065,1202,1204,1167],"product_tag":[],"class_list":{"0":"post-102166","1":"product","2":"type-product","3":"status-publish","4":"has-post-thumbnail","6":"product_cat-e-fr","7":"product_cat-e0508-fr","8":"product_cat-e05081-fr","9":"product_cat-e05-fr","11":"first","12":"instock","13":"taxable","14":"shipping-taxable","15":"purchasable","16":"product-type-simple"},"_links":{"self":[{"href":"https:\/\/hantom.ch\/fr\/wp-json\/wp\/v2\/product\/102166","targetHints":{"allow":["GET"]}}],"collection":[{"href":"https:\/\/hantom.ch\/fr\/wp-json\/wp\/v2\/product"}],"about":[{"href":"https:\/\/hantom.ch\/fr\/wp-json\/wp\/v2\/types\/product"}],"wp:featuredmedia":[{"embeddable":true,"href":"https:\/\/hantom.ch\/fr\/wp-json\/wp\/v2\/media\/32711"}],"wp:attachment":[{"href":"https:\/\/hantom.ch\/fr\/wp-json\/wp\/v2\/media?parent=102166"}],"wp:term":[{"taxonomy":"product_brand","embeddable":true,"href":"https:\/\/hantom.ch\/fr\/wp-json\/wp\/v2\/product_brand?post=102166"},{"taxonomy":"product_cat","embeddable":true,"href":"https:\/\/hantom.ch\/fr\/wp-json\/wp\/v2\/product_cat?post=102166"},{"taxonomy":"product_tag","embeddable":true,"href":"https:\/\/hantom.ch\/fr\/wp-json\/wp\/v2\/product_tag?post=102166"}],"curies":[{"name":"wp","href":"https:\/\/api.w.org\/{rel}","templated":true}]}}