{"id":102168,"date":"2026-05-12T04:30:44","date_gmt":"2026-05-12T02:30:44","guid":{"rendered":"https:\/\/hantom.ch\/product\/e0508104-extremite-enfilable-interieure-silicone-24-kv-typ-sehdi-20-2-400-630-mm2-sans-cosse-a-visser-3\/"},"modified":"2025-04-23T08:45:52","modified_gmt":"2025-04-23T06:45:52","slug":"e0508104-extremite-enfilable-interieure-silicone-24-kv-typ-sehdi-20-2-400-630-mm2-sans-cosse-a-visser-3","status":"publish","type":"product","link":"https:\/\/hantom.ch\/fr\/produit\/e0508104-extremite-enfilable-interieure-silicone-24-kv-typ-sehdi-20-2-400-630-mm2-sans-cosse-a-visser-3\/","title":{"rendered":"E0508104 &#8211; Extr\u00e9mit\u00e9 enfilable int\u00e9rieure silicone &#8211; 24 kV Typ SEHDI 20.2  400-630 mm2 sans cosse \u00e0 visser (3)"},"content":{"rendered":"<p>Extr\u00e9mit\u00e9 enfilable int\u00e9rieure silicone &#8211; 24 kV<br \/>sans cosses\/sans couvercle pour raccordement \u00e0 visser<br \/>pour c\u00e2ble XKDT 400-630 mm2 Cu et Al<br \/>Conducteur &#8211; d Isolation : 34.1 &#8211; 45.0 mm<br \/>Unit\u00e9 : 1 set 3 pi\u00e8ces<\/p>\n","protected":false},"excerpt":{"rendered":"<p>Extr\u00e9mit\u00e9 enfilable int\u00e9rieure silicone &#8211; 24 kVsans cosses\/sans couvercle pour raccordement \u00e0 visserpour c\u00e2ble XKDT 400-630 mm2 Cu et AlConducteur &#8211; d Isolation : 34.1 &#8211; 45.0 mmUnit\u00e9 : 1 set 3 pi\u00e8ces<\/p>\n","protected":false},"featured_media":75517,"template":"","meta":[],"product_brand":[],"product_cat":[1065,1202,1204,1167],"product_tag":[],"class_list":{"0":"post-102168","1":"product","2":"type-product","3":"status-publish","4":"has-post-thumbnail","6":"product_cat-e-fr","7":"product_cat-e0508-fr","8":"product_cat-e05081-fr","9":"product_cat-e05-fr","11":"first","12":"instock","13":"taxable","14":"shipping-taxable","15":"purchasable","16":"product-type-simple"},"_links":{"self":[{"href":"https:\/\/hantom.ch\/fr\/wp-json\/wp\/v2\/product\/102168","targetHints":{"allow":["GET"]}}],"collection":[{"href":"https:\/\/hantom.ch\/fr\/wp-json\/wp\/v2\/product"}],"about":[{"href":"https:\/\/hantom.ch\/fr\/wp-json\/wp\/v2\/types\/product"}],"wp:featuredmedia":[{"embeddable":true,"href":"https:\/\/hantom.ch\/fr\/wp-json\/wp\/v2\/media\/75517"}],"wp:attachment":[{"href":"https:\/\/hantom.ch\/fr\/wp-json\/wp\/v2\/media?parent=102168"}],"wp:term":[{"taxonomy":"product_brand","embeddable":true,"href":"https:\/\/hantom.ch\/fr\/wp-json\/wp\/v2\/product_brand?post=102168"},{"taxonomy":"product_cat","embeddable":true,"href":"https:\/\/hantom.ch\/fr\/wp-json\/wp\/v2\/product_cat?post=102168"},{"taxonomy":"product_tag","embeddable":true,"href":"https:\/\/hantom.ch\/fr\/wp-json\/wp\/v2\/product_tag?post=102168"}],"curies":[{"name":"wp","href":"https:\/\/api.w.org\/{rel}","templated":true}]}}