{"id":102169,"date":"2026-04-20T03:46:49","date_gmt":"2026-04-20T01:46:49","guid":{"rendered":"https:\/\/hantom.ch\/product\/e0510001-extremite-enfilable-exterieure-24kv-amv-j-afn24-1-25-95sm123\/"},"modified":"2025-04-23T08:45:53","modified_gmt":"2025-04-23T06:45:53","slug":"e0510001-extremite-enfilable-exterieure-24kv-amv-j-afn24-1-25-95sm123","status":"publish","type":"product","link":"https:\/\/hantom.ch\/fr\/produit\/e0510001-extremite-enfilable-exterieure-24kv-amv-j-afn24-1-25-95sm123\/","title":{"rendered":"E0510001 &#8211; Extr\u00e9mit\u00e9 enfilable ext\u00e9rieure &#8211; 24kV AMV-J-AFN24.1\/25-95SM12(3)"},"content":{"rendered":"<p>Extr\u00e9mit\u00e9 enfilable ext\u00e9rieure &#8211; 24kV avec cosse<br \/>\u00e0 visser 25&#8230;95mm2 M12 pour conducteur Cu et Al<br \/>d isolation : 18.0&#8230;23.5mm &#8211; pour c\u00e2bles XKDT &#8211; Set de 3 pi\u00e8ces<\/p>\n","protected":false},"excerpt":{"rendered":"<p>Extr\u00e9mit\u00e9 enfilable ext\u00e9rieure &#8211; 24kV avec cosse\u00e0 visser 25&#8230;95mm2 M12 pour conducteur Cu et Ald isolation : 18.0&#8230;23.5mm &#8211; pour c\u00e2bles XKDT &#8211; Set de 3 pi\u00e8ces<\/p>\n","protected":false},"featured_media":33271,"template":"","meta":[],"product_brand":[],"product_cat":[1065,1208,1209,1167],"product_tag":[],"class_list":{"0":"post-102169","1":"product","2":"type-product","3":"status-publish","4":"has-post-thumbnail","6":"product_cat-e-fr","7":"product_cat-e0510-fr","8":"product_cat-e05100-fr","9":"product_cat-e05-fr","11":"first","12":"instock","13":"taxable","14":"shipping-taxable","15":"purchasable","16":"product-type-simple"},"_links":{"self":[{"href":"https:\/\/hantom.ch\/fr\/wp-json\/wp\/v2\/product\/102169","targetHints":{"allow":["GET"]}}],"collection":[{"href":"https:\/\/hantom.ch\/fr\/wp-json\/wp\/v2\/product"}],"about":[{"href":"https:\/\/hantom.ch\/fr\/wp-json\/wp\/v2\/types\/product"}],"wp:featuredmedia":[{"embeddable":true,"href":"https:\/\/hantom.ch\/fr\/wp-json\/wp\/v2\/media\/33271"}],"wp:attachment":[{"href":"https:\/\/hantom.ch\/fr\/wp-json\/wp\/v2\/media?parent=102169"}],"wp:term":[{"taxonomy":"product_brand","embeddable":true,"href":"https:\/\/hantom.ch\/fr\/wp-json\/wp\/v2\/product_brand?post=102169"},{"taxonomy":"product_cat","embeddable":true,"href":"https:\/\/hantom.ch\/fr\/wp-json\/wp\/v2\/product_cat?post=102169"},{"taxonomy":"product_tag","embeddable":true,"href":"https:\/\/hantom.ch\/fr\/wp-json\/wp\/v2\/product_tag?post=102169"}],"curies":[{"name":"wp","href":"https:\/\/api.w.org\/{rel}","templated":true}]}}