{"id":102170,"date":"2026-04-24T04:15:32","date_gmt":"2026-04-24T02:15:32","guid":{"rendered":"https:\/\/hantom.ch\/product\/e0510002-extremite-enfilable-exterieure-24kv-amv-j-afn24-2-95-240sm123\/"},"modified":"2025-04-23T08:45:53","modified_gmt":"2025-04-23T06:45:53","slug":"e0510002-extremite-enfilable-exterieure-24kv-amv-j-afn24-2-95-240sm123","status":"publish","type":"product","link":"https:\/\/hantom.ch\/fr\/produit\/e0510002-extremite-enfilable-exterieure-24kv-amv-j-afn24-2-95-240sm123\/","title":{"rendered":"E0510002 &#8211; Extr\u00e9mit\u00e9 enfilable ext\u00e9rieure &#8211; 24kV AMV-J-AFN24.2\/95-240SM12(3)"},"content":{"rendered":"<p>Extr\u00e9mit\u00e9 enfilable ext\u00e9rieure &#8211; 24kV avec cosses<br \/>\u00e0 visser 95&#8230;240mm2 M12 pour conducteur Cu et Al<br \/>d isolation : 22.5&#8230;33.0mm &#8211; pour c\u00e2bles XKDT &#8211; Set de 3 pi\u00e8ces<\/p>\n","protected":false},"excerpt":{"rendered":"<p>Extr\u00e9mit\u00e9 enfilable ext\u00e9rieure &#8211; 24kV avec cosses\u00e0 visser 95&#8230;240mm2 M12 pour conducteur Cu et Ald isolation : 22.5&#8230;33.0mm &#8211; pour c\u00e2bles XKDT &#8211; Set de 3 pi\u00e8ces<\/p>\n","protected":false},"featured_media":32872,"template":"","meta":[],"product_brand":[],"product_cat":[1065,1208,1209,1167],"product_tag":[],"class_list":{"0":"post-102170","1":"product","2":"type-product","3":"status-publish","4":"has-post-thumbnail","6":"product_cat-e-fr","7":"product_cat-e0510-fr","8":"product_cat-e05100-fr","9":"product_cat-e05-fr","11":"first","12":"instock","13":"taxable","14":"shipping-taxable","15":"purchasable","16":"product-type-simple"},"_links":{"self":[{"href":"https:\/\/hantom.ch\/fr\/wp-json\/wp\/v2\/product\/102170","targetHints":{"allow":["GET"]}}],"collection":[{"href":"https:\/\/hantom.ch\/fr\/wp-json\/wp\/v2\/product"}],"about":[{"href":"https:\/\/hantom.ch\/fr\/wp-json\/wp\/v2\/types\/product"}],"wp:featuredmedia":[{"embeddable":true,"href":"https:\/\/hantom.ch\/fr\/wp-json\/wp\/v2\/media\/32872"}],"wp:attachment":[{"href":"https:\/\/hantom.ch\/fr\/wp-json\/wp\/v2\/media?parent=102170"}],"wp:term":[{"taxonomy":"product_brand","embeddable":true,"href":"https:\/\/hantom.ch\/fr\/wp-json\/wp\/v2\/product_brand?post=102170"},{"taxonomy":"product_cat","embeddable":true,"href":"https:\/\/hantom.ch\/fr\/wp-json\/wp\/v2\/product_cat?post=102170"},{"taxonomy":"product_tag","embeddable":true,"href":"https:\/\/hantom.ch\/fr\/wp-json\/wp\/v2\/product_tag?post=102170"}],"curies":[{"name":"wp","href":"https:\/\/api.w.org\/{rel}","templated":true}]}}