{"id":102171,"date":"2026-04-22T04:17:04","date_gmt":"2026-04-22T02:17:04","guid":{"rendered":"https:\/\/hantom.ch\/product\/e0510003-extremite-enfilable-exterieure-24kv-amv-j-afn24-1-25-95sd203\/"},"modified":"2025-04-23T08:45:53","modified_gmt":"2025-04-23T06:45:53","slug":"e0510003-extremite-enfilable-exterieure-24kv-amv-j-afn24-1-25-95sd203","status":"publish","type":"product","link":"https:\/\/hantom.ch\/fr\/produit\/e0510003-extremite-enfilable-exterieure-24kv-amv-j-afn24-1-25-95sd203\/","title":{"rendered":"E0510003 &#8211; Extr\u00e9mit\u00e9 enfilable ext\u00e9rieure &#8211; 24kV AMV-J-AFN24.1\/25-95SD20(3)"},"content":{"rendered":"<p>Extr\u00e9mit\u00e9 enfilable ext\u00e9rieure &#8211; 24kV avec tige<br \/>de sortie \u00e0 visser 25&#8230;95mm2 d : 20mm pour<br \/>conducteur Cu et Al &#8211; d isolation : 18.0&#8230;23.5mm<br \/>pour c\u00e2bles XKDT &#8211; Set de 3 pi\u00e8ces<\/p>\n","protected":false},"excerpt":{"rendered":"<p>Extr\u00e9mit\u00e9 enfilable ext\u00e9rieure &#8211; 24kV avec tigede sortie \u00e0 visser 25&#8230;95mm2 d : 20mm pourconducteur Cu et Al &#8211; d isolation : 18.0&#8230;23.5mmpour c\u00e2bles XKDT &#8211; Set de 3 pi\u00e8ces<\/p>\n","protected":false},"featured_media":33301,"template":"","meta":[],"product_brand":[],"product_cat":[1065,1208,1209,1167],"product_tag":[],"class_list":{"0":"post-102171","1":"product","2":"type-product","3":"status-publish","4":"has-post-thumbnail","6":"product_cat-e-fr","7":"product_cat-e0510-fr","8":"product_cat-e05100-fr","9":"product_cat-e05-fr","11":"first","12":"instock","13":"taxable","14":"shipping-taxable","15":"purchasable","16":"product-type-simple"},"_links":{"self":[{"href":"https:\/\/hantom.ch\/fr\/wp-json\/wp\/v2\/product\/102171","targetHints":{"allow":["GET"]}}],"collection":[{"href":"https:\/\/hantom.ch\/fr\/wp-json\/wp\/v2\/product"}],"about":[{"href":"https:\/\/hantom.ch\/fr\/wp-json\/wp\/v2\/types\/product"}],"wp:featuredmedia":[{"embeddable":true,"href":"https:\/\/hantom.ch\/fr\/wp-json\/wp\/v2\/media\/33301"}],"wp:attachment":[{"href":"https:\/\/hantom.ch\/fr\/wp-json\/wp\/v2\/media?parent=102171"}],"wp:term":[{"taxonomy":"product_brand","embeddable":true,"href":"https:\/\/hantom.ch\/fr\/wp-json\/wp\/v2\/product_brand?post=102171"},{"taxonomy":"product_cat","embeddable":true,"href":"https:\/\/hantom.ch\/fr\/wp-json\/wp\/v2\/product_cat?post=102171"},{"taxonomy":"product_tag","embeddable":true,"href":"https:\/\/hantom.ch\/fr\/wp-json\/wp\/v2\/product_tag?post=102171"}],"curies":[{"name":"wp","href":"https:\/\/api.w.org\/{rel}","templated":true}]}}