{"id":102173,"date":"2026-04-22T04:17:08","date_gmt":"2026-04-22T02:17:08","guid":{"rendered":"https:\/\/hantom.ch\/product\/e0510101-extremite-enfilable-exterieure-24-kv-amv-j-afn24-1-18-0-23-53\/"},"modified":"2025-04-23T08:45:54","modified_gmt":"2025-04-23T06:45:54","slug":"e0510101-extremite-enfilable-exterieure-24-kv-amv-j-afn24-1-18-0-23-53","status":"publish","type":"product","link":"https:\/\/hantom.ch\/fr\/produit\/e0510101-extremite-enfilable-exterieure-24-kv-amv-j-afn24-1-18-0-23-53\/","title":{"rendered":"E0510101 &#8211; Extr\u00e9mit\u00e9 enfilable \/ ext\u00e9rieure 24 kV AMV-J-AFN24.1\/18.0-23.5(3)"},"content":{"rendered":"<p>Extr\u00e9mit\u00e9 enfilable \/ ext\u00e9rieure 24 kV sans cosse<br \/>avec couvercle pour raccordement \u00e0 visser<br \/>\u00d8 isolation: 18.0\u202623.5 mm<br \/>Set \u00e0 3 pi\u00e8ces<\/p>\n","protected":false},"excerpt":{"rendered":"<p>Extr\u00e9mit\u00e9 enfilable \/ ext\u00e9rieure 24 kV sans cosseavec couvercle pour raccordement \u00e0 visser\u00d8 isolation: 18.0\u202623.5 mmSet \u00e0 3 pi\u00e8ces<\/p>\n","protected":false},"featured_media":32737,"template":"","meta":[],"product_brand":[],"product_cat":[1065,1208,1210,1167],"product_tag":[],"class_list":{"0":"post-102173","1":"product","2":"type-product","3":"status-publish","4":"has-post-thumbnail","6":"product_cat-e-fr","7":"product_cat-e0510-fr","8":"product_cat-e05101-fr","9":"product_cat-e05-fr","11":"first","12":"instock","13":"taxable","14":"shipping-taxable","15":"purchasable","16":"product-type-simple"},"_links":{"self":[{"href":"https:\/\/hantom.ch\/fr\/wp-json\/wp\/v2\/product\/102173","targetHints":{"allow":["GET"]}}],"collection":[{"href":"https:\/\/hantom.ch\/fr\/wp-json\/wp\/v2\/product"}],"about":[{"href":"https:\/\/hantom.ch\/fr\/wp-json\/wp\/v2\/types\/product"}],"wp:featuredmedia":[{"embeddable":true,"href":"https:\/\/hantom.ch\/fr\/wp-json\/wp\/v2\/media\/32737"}],"wp:attachment":[{"href":"https:\/\/hantom.ch\/fr\/wp-json\/wp\/v2\/media?parent=102173"}],"wp:term":[{"taxonomy":"product_brand","embeddable":true,"href":"https:\/\/hantom.ch\/fr\/wp-json\/wp\/v2\/product_brand?post=102173"},{"taxonomy":"product_cat","embeddable":true,"href":"https:\/\/hantom.ch\/fr\/wp-json\/wp\/v2\/product_cat?post=102173"},{"taxonomy":"product_tag","embeddable":true,"href":"https:\/\/hantom.ch\/fr\/wp-json\/wp\/v2\/product_tag?post=102173"}],"curies":[{"name":"wp","href":"https:\/\/api.w.org\/{rel}","templated":true}]}}