{"id":102179,"date":"2026-04-14T04:02:21","date_gmt":"2026-04-14T02:02:21","guid":{"rendered":"https:\/\/hantom.ch\/product\/e0512003-jonction-retractable-a-froid-amv-m-mak24-2-1x095-240s3\/"},"modified":"2025-04-23T08:45:56","modified_gmt":"2025-04-23T06:45:56","slug":"e0512003-jonction-retractable-a-froid-amv-m-mak24-2-1x095-240s3","status":"publish","type":"product","link":"https:\/\/hantom.ch\/fr\/produit\/e0512003-jonction-retractable-a-froid-amv-m-mak24-2-1x095-240s3\/","title":{"rendered":"E0512003 &#8211; Jonction r\u00e9tractable \u00e0 froid AMV-M-MAK24.2\/1&#215;095-240S(3)"},"content":{"rendered":"<p>Jonction r\u00e9tractable \u00e0 froid pour c\u00e2ble<br \/>synth\u00e9tique 20kV XKDT 1 x 95&#8230;240mm2 avec serre<br \/>fils \u00e0 visser pour conducteur Cu et Al<br \/>Set de 3 pi\u00e8ces<\/p>\n","protected":false},"excerpt":{"rendered":"<p>Jonction r\u00e9tractable \u00e0 froid pour c\u00e2blesynth\u00e9tique 20kV XKDT 1 x 95&#8230;240mm2 avec serrefils \u00e0 visser pour conducteur Cu et AlSet de 3 pi\u00e8ces<\/p>\n","protected":false},"featured_media":33154,"template":"","meta":[],"product_brand":[],"product_cat":[1065,1216,1215,1167],"product_tag":[],"class_list":{"0":"post-102179","1":"product","2":"type-product","3":"status-publish","4":"has-post-thumbnail","6":"product_cat-e-fr","7":"product_cat-e05120-fr","8":"product_cat-e0512-fr","9":"product_cat-e05-fr","11":"first","12":"instock","13":"taxable","14":"shipping-taxable","15":"purchasable","16":"product-type-simple"},"_links":{"self":[{"href":"https:\/\/hantom.ch\/fr\/wp-json\/wp\/v2\/product\/102179","targetHints":{"allow":["GET"]}}],"collection":[{"href":"https:\/\/hantom.ch\/fr\/wp-json\/wp\/v2\/product"}],"about":[{"href":"https:\/\/hantom.ch\/fr\/wp-json\/wp\/v2\/types\/product"}],"wp:featuredmedia":[{"embeddable":true,"href":"https:\/\/hantom.ch\/fr\/wp-json\/wp\/v2\/media\/33154"}],"wp:attachment":[{"href":"https:\/\/hantom.ch\/fr\/wp-json\/wp\/v2\/media?parent=102179"}],"wp:term":[{"taxonomy":"product_brand","embeddable":true,"href":"https:\/\/hantom.ch\/fr\/wp-json\/wp\/v2\/product_brand?post=102179"},{"taxonomy":"product_cat","embeddable":true,"href":"https:\/\/hantom.ch\/fr\/wp-json\/wp\/v2\/product_cat?post=102179"},{"taxonomy":"product_tag","embeddable":true,"href":"https:\/\/hantom.ch\/fr\/wp-json\/wp\/v2\/product_tag?post=102179"}],"curies":[{"name":"wp","href":"https:\/\/api.w.org\/{rel}","templated":true}]}}