{"id":102180,"date":"2026-04-14T04:02:23","date_gmt":"2026-04-14T02:02:23","guid":{"rendered":"https:\/\/hantom.ch\/product\/e0512004-jonction-retractable-a-froid-24-kv-amv-m-mak24-3-1x300-400s1\/"},"modified":"2025-04-23T08:45:56","modified_gmt":"2025-04-23T06:45:56","slug":"e0512004-jonction-retractable-a-froid-24-kv-amv-m-mak24-3-1x300-400s1","status":"publish","type":"product","link":"https:\/\/hantom.ch\/fr\/produit\/e0512004-jonction-retractable-a-froid-24-kv-amv-m-mak24-3-1x300-400s1\/","title":{"rendered":"E0512004 &#8211; Jonction r\u00e9tractable \u00e0 froid &#8211; 24 kV AMV-M-MAK24.3\/1&#215;300-400S(1)"},"content":{"rendered":"<p>Jonction r\u00e9tractable \u00e0 froid pour c\u00e2ble<br \/>synth\u00e9tique 20kV XKDT 1 x 300-400mm2 avec<br \/>serre fils \u00e0 visser pour conducteur Cu et Al<br \/>Set pour 1 phase<\/p>\n","protected":false},"excerpt":{"rendered":"<p>Jonction r\u00e9tractable \u00e0 froid pour c\u00e2blesynth\u00e9tique 20kV XKDT 1 x 300-400mm2 avecserre fils \u00e0 visser pour conducteur Cu et AlSet pour 1 phase<\/p>\n","protected":false},"featured_media":32829,"template":"","meta":[],"product_brand":[],"product_cat":[1065,1216,1215,1167],"product_tag":[],"class_list":{"0":"post-102180","1":"product","2":"type-product","3":"status-publish","4":"has-post-thumbnail","6":"product_cat-e-fr","7":"product_cat-e05120-fr","8":"product_cat-e0512-fr","9":"product_cat-e05-fr","11":"first","12":"instock","13":"taxable","14":"shipping-taxable","15":"purchasable","16":"product-type-simple"},"_links":{"self":[{"href":"https:\/\/hantom.ch\/fr\/wp-json\/wp\/v2\/product\/102180","targetHints":{"allow":["GET"]}}],"collection":[{"href":"https:\/\/hantom.ch\/fr\/wp-json\/wp\/v2\/product"}],"about":[{"href":"https:\/\/hantom.ch\/fr\/wp-json\/wp\/v2\/types\/product"}],"wp:featuredmedia":[{"embeddable":true,"href":"https:\/\/hantom.ch\/fr\/wp-json\/wp\/v2\/media\/32829"}],"wp:attachment":[{"href":"https:\/\/hantom.ch\/fr\/wp-json\/wp\/v2\/media?parent=102180"}],"wp:term":[{"taxonomy":"product_brand","embeddable":true,"href":"https:\/\/hantom.ch\/fr\/wp-json\/wp\/v2\/product_brand?post=102180"},{"taxonomy":"product_cat","embeddable":true,"href":"https:\/\/hantom.ch\/fr\/wp-json\/wp\/v2\/product_cat?post=102180"},{"taxonomy":"product_tag","embeddable":true,"href":"https:\/\/hantom.ch\/fr\/wp-json\/wp\/v2\/product_tag?post=102180"}],"curies":[{"name":"wp","href":"https:\/\/api.w.org\/{rel}","templated":true}]}}