{"id":102189,"date":"2026-04-20T03:47:22","date_gmt":"2026-04-20T01:47:22","guid":{"rendered":"https:\/\/hantom.ch\/product\/e0514301-extremite-thermoretractable-interieure-24-kv-24monoi-25-95-3\/"},"modified":"2025-04-23T08:45:59","modified_gmt":"2025-04-23T06:45:59","slug":"e0514301-extremite-thermoretractable-interieure-24-kv-24monoi-25-95-3","status":"publish","type":"product","link":"https:\/\/hantom.ch\/fr\/produit\/e0514301-extremite-thermoretractable-interieure-24-kv-24monoi-25-95-3\/","title":{"rendered":"E0514301 &#8211; Extr\u00e9mit\u00e9 thermor\u00e9tractable int\u00e9rieure 24 kV 24MONOi 25-95 (3)"},"content":{"rendered":"<p>Extr\u00e9mit\u00e9 thermor\u00e9tractable 24 kV, montage int\u00e9rieur<br \/>c\u00e2ble polym\u00e8re 25-95 mm2<br \/>sans cosses \u00e0 visser<br \/>Set \u00e0 3 pi\u00e8ces<\/p>\n","protected":false},"excerpt":{"rendered":"<p>Extr\u00e9mit\u00e9 thermor\u00e9tractable 24 kV, montage int\u00e9rieurc\u00e2ble polym\u00e8re 25-95 mm2sans cosses \u00e0 visserSet \u00e0 3 pi\u00e8ces<\/p>\n","protected":false},"featured_media":39837,"template":"","meta":[],"product_brand":[],"product_cat":[1065,1219,1222,1167],"product_tag":[],"class_list":{"0":"post-102189","1":"product","2":"type-product","3":"status-publish","4":"has-post-thumbnail","6":"product_cat-e-fr","7":"product_cat-e0514-fr","8":"product_cat-e05143-fr","9":"product_cat-e05-fr","11":"first","12":"instock","13":"taxable","14":"shipping-taxable","15":"purchasable","16":"product-type-simple"},"_links":{"self":[{"href":"https:\/\/hantom.ch\/fr\/wp-json\/wp\/v2\/product\/102189","targetHints":{"allow":["GET"]}}],"collection":[{"href":"https:\/\/hantom.ch\/fr\/wp-json\/wp\/v2\/product"}],"about":[{"href":"https:\/\/hantom.ch\/fr\/wp-json\/wp\/v2\/types\/product"}],"wp:featuredmedia":[{"embeddable":true,"href":"https:\/\/hantom.ch\/fr\/wp-json\/wp\/v2\/media\/39837"}],"wp:attachment":[{"href":"https:\/\/hantom.ch\/fr\/wp-json\/wp\/v2\/media?parent=102189"}],"wp:term":[{"taxonomy":"product_brand","embeddable":true,"href":"https:\/\/hantom.ch\/fr\/wp-json\/wp\/v2\/product_brand?post=102189"},{"taxonomy":"product_cat","embeddable":true,"href":"https:\/\/hantom.ch\/fr\/wp-json\/wp\/v2\/product_cat?post=102189"},{"taxonomy":"product_tag","embeddable":true,"href":"https:\/\/hantom.ch\/fr\/wp-json\/wp\/v2\/product_tag?post=102189"}],"curies":[{"name":"wp","href":"https:\/\/api.w.org\/{rel}","templated":true}]}}