{"id":102197,"date":"2026-04-20T04:01:14","date_gmt":"2026-04-20T02:01:14","guid":{"rendered":"https:\/\/hantom.ch\/product\/e0514501-extremite-thermoretractable-interieure-12-24-kv-1-conducteur-25-95mm%c2%b2-3-1-avec-cosse-a-visser\/"},"modified":"2025-04-23T08:46:01","modified_gmt":"2025-04-23T06:46:01","slug":"e0514501-extremite-thermoretractable-interieure-12-24-kv-1-conducteur-25-95mm%c2%b2-3-1-avec-cosse-a-visser","status":"publish","type":"product","link":"https:\/\/hantom.ch\/fr\/produit\/e0514501-extremite-thermoretractable-interieure-12-24-kv-1-conducteur-25-95mm%c2%b2-3-1-avec-cosse-a-visser\/","title":{"rendered":"E0514501 &#8211; Extr\u00e9mit\u00e9 thermor\u00e9tractable int\u00e9rieure 12-24 kV 1 conducteur \/ 25-95mm\u00b2 \/ 3-1 \/ avec cosse \u00e0 visser"},"content":{"rendered":"","protected":false},"excerpt":{"rendered":"","protected":false},"featured_media":55413,"template":"","meta":[],"product_brand":[],"product_cat":[1065,1224,1219,1167],"product_tag":[],"class_list":{"0":"post-102197","1":"product","2":"type-product","3":"status-publish","4":"has-post-thumbnail","6":"product_cat-e-fr","7":"product_cat-e05145-fr","8":"product_cat-e0514-fr","9":"product_cat-e05-fr","11":"first","12":"instock","13":"taxable","14":"shipping-taxable","15":"purchasable","16":"product-type-simple"},"_links":{"self":[{"href":"https:\/\/hantom.ch\/fr\/wp-json\/wp\/v2\/product\/102197","targetHints":{"allow":["GET"]}}],"collection":[{"href":"https:\/\/hantom.ch\/fr\/wp-json\/wp\/v2\/product"}],"about":[{"href":"https:\/\/hantom.ch\/fr\/wp-json\/wp\/v2\/types\/product"}],"wp:featuredmedia":[{"embeddable":true,"href":"https:\/\/hantom.ch\/fr\/wp-json\/wp\/v2\/media\/55413"}],"wp:attachment":[{"href":"https:\/\/hantom.ch\/fr\/wp-json\/wp\/v2\/media?parent=102197"}],"wp:term":[{"taxonomy":"product_brand","embeddable":true,"href":"https:\/\/hantom.ch\/fr\/wp-json\/wp\/v2\/product_brand?post=102197"},{"taxonomy":"product_cat","embeddable":true,"href":"https:\/\/hantom.ch\/fr\/wp-json\/wp\/v2\/product_cat?post=102197"},{"taxonomy":"product_tag","embeddable":true,"href":"https:\/\/hantom.ch\/fr\/wp-json\/wp\/v2\/product_tag?post=102197"}],"curies":[{"name":"wp","href":"https:\/\/api.w.org\/{rel}","templated":true}]}}