{"id":102211,"date":"2026-04-20T04:01:40","date_gmt":"2026-04-20T02:01:40","guid":{"rendered":"https:\/\/hantom.ch\/product\/e0514634-extremite-thermoretractable-exterieure-12-24-kv-1-conducteur-150-300-mm%c2%b2-3-1-avec-cosse-a-visser\/"},"modified":"2025-04-23T08:46:06","modified_gmt":"2025-04-23T06:46:06","slug":"e0514634-extremite-thermoretractable-exterieure-12-24-kv-1-conducteur-150-300-mm%c2%b2-3-1-avec-cosse-a-visser","status":"publish","type":"product","link":"https:\/\/hantom.ch\/fr\/produit\/e0514634-extremite-thermoretractable-exterieure-12-24-kv-1-conducteur-150-300-mm%c2%b2-3-1-avec-cosse-a-visser\/","title":{"rendered":"E0514634 &#8211; Extr\u00e9mit\u00e9 thermor\u00e9tractable ext\u00e9rieure 12-24 kV 1 conducteur \/ 150-300 mm\u00b2 \/ 3-1 \/ avec cosse \u00e0 visser"},"content":{"rendered":"","protected":false},"excerpt":{"rendered":"","protected":false},"featured_media":85209,"template":"","meta":[],"product_brand":[],"product_cat":[1065,1225,1219,1167],"product_tag":[],"class_list":{"0":"post-102211","1":"product","2":"type-product","3":"status-publish","4":"has-post-thumbnail","6":"product_cat-e-fr","7":"product_cat-e05146-fr","8":"product_cat-e0514-fr","9":"product_cat-e05-fr","11":"first","12":"instock","13":"taxable","14":"shipping-taxable","15":"purchasable","16":"product-type-simple"},"_links":{"self":[{"href":"https:\/\/hantom.ch\/fr\/wp-json\/wp\/v2\/product\/102211","targetHints":{"allow":["GET"]}}],"collection":[{"href":"https:\/\/hantom.ch\/fr\/wp-json\/wp\/v2\/product"}],"about":[{"href":"https:\/\/hantom.ch\/fr\/wp-json\/wp\/v2\/types\/product"}],"wp:featuredmedia":[{"embeddable":true,"href":"https:\/\/hantom.ch\/fr\/wp-json\/wp\/v2\/media\/85209"}],"wp:attachment":[{"href":"https:\/\/hantom.ch\/fr\/wp-json\/wp\/v2\/media?parent=102211"}],"wp:term":[{"taxonomy":"product_brand","embeddable":true,"href":"https:\/\/hantom.ch\/fr\/wp-json\/wp\/v2\/product_brand?post=102211"},{"taxonomy":"product_cat","embeddable":true,"href":"https:\/\/hantom.ch\/fr\/wp-json\/wp\/v2\/product_cat?post=102211"},{"taxonomy":"product_tag","embeddable":true,"href":"https:\/\/hantom.ch\/fr\/wp-json\/wp\/v2\/product_tag?post=102211"}],"curies":[{"name":"wp","href":"https:\/\/api.w.org\/{rel}","templated":true}]}}